{"id":1708,"date":"2025-12-11T08:36:16","date_gmt":"2025-12-11T08:36:16","guid":{"rendered":"https:\/\/klezmer.luboskoptak.sk\/?page_id=1708"},"modified":"2025-12-16T10:49:05","modified_gmt":"2025-12-16T10:49:05","slug":"pre-usporiadatelov","status":"publish","type":"page","link":"https:\/\/klezmer.luboskoptak.sk\/en\/pre-usporiadatelov\/","title":{"rendered":"Pre usporiadate\u013eov"},"content":{"rendered":"<div data-elementor-type=\"wp-page\" data-elementor-id=\"1708\" class=\"elementor elementor-1708\" data-elementor-post-type=\"page\">\n\t\t\t\t<div class=\"elementor-element elementor-element-192d9cc e-flex e-con-boxed e-con e-parent\" data-id=\"192d9cc\" data-element_type=\"container\" data-settings=\"{&quot;background_background&quot;:&quot;classic&quot;}\">\n\t\t\t\t\t<div class=\"e-con-inner\">\n\t\t<div class=\"elementor-element elementor-element-c5904dc e-con-full e-flex e-con e-child\" data-id=\"c5904dc\" data-element_type=\"container\">\n\t\t<div class=\"elementor-element elementor-element-68935b6 e-con-full e-flex e-con e-child\" data-id=\"68935b6\" data-element_type=\"container\">\n\t\t<div class=\"elementor-element elementor-element-0916eb4 e-con-full e-flex e-con e-child\" data-id=\"0916eb4\" data-element_type=\"container\">\n\t\t\t\t<div class=\"elementor-element elementor-element-02d4aac elementor-widget elementor-widget-spacer\" data-id=\"02d4aac\" data-element_type=\"widget\" data-widget_type=\"spacer.default\">\n\t\t\t\t<div class=\"elementor-widget-container\">\n\t\t\t\t\t\t\t<div class=\"elementor-spacer\">\n\t\t\t<div class=\"elementor-spacer-inner\"><\/div>\n\t\t<\/div>\n\t\t\t\t\t\t<\/div>\n\t\t\t\t<\/div>\n\t\t\t\t<div class=\"elementor-element elementor-element-19279d4 elementor-widget__width-initial elementor-hidden-desktop elementor-hidden-laptop elementor-hidden-tablet elementor-widget elementor-widget-text-editor\" data-id=\"19279d4\" data-element_type=\"widget\" data-widget_type=\"text-editor.default\">\n\t\t\t\t<div class=\"elementor-widget-container\">\n\t\t\t\t\t\t\t\t\t<p>Pre usporiadate\u013eov:\u00a0<br \/>na stiahnutie<\/p>\t\t\t\t\t\t\t\t<\/div>\n\t\t\t\t<\/div>\n\t\t\t\t<div class=\"elementor-element elementor-element-dad14ba elementor-widget__width-initial elementor-hidden-mobile elementor-widget elementor-widget-text-editor\" data-id=\"dad14ba\" data-element_type=\"widget\" data-widget_type=\"text-editor.default\">\n\t\t\t\t<div class=\"elementor-widget-container\">\n\t\t\t\t\t\t\t\t\t<p>Pre usporiadate\u013eov:\u00a0na stiahnutie<\/p>\t\t\t\t\t\t\t\t<\/div>\n\t\t\t\t<\/div>\n\t\t<div class=\"elementor-element elementor-element-4b6bf36 e-con-full e-flex e-con e-child\" data-id=\"4b6bf36\" data-element_type=\"container\">\n\t\t<div class=\"elementor-element elementor-element-213e15f e-con-full e-flex e-con e-child\" data-id=\"213e15f\" data-element_type=\"container\">\n\t\t\t\t<div class=\"elementor-element elementor-element-353c9d9 elementor-widget__width-auto elementor-widget elementor-widget-button\" data-id=\"353c9d9\" data-element_type=\"widget\" data-widget_type=\"button.default\">\n\t\t\t\t<div class=\"elementor-widget-container\">\n\t\t\t\t\t\t\t\t\t<div class=\"elementor-button-wrapper\">\n\t\t\t\t\t<a class=\"elementor-button elementor-button-link elementor-size-sm\" href=\"https:\/\/klezmer.luboskoptak.sk\/wp-content\/uploads\/2025\/12\/PRESS-KIT_PKB_1.zip\" target=\"_blank\" rel=\"nofollow\">\n\t\t\t\t\t\t<span class=\"elementor-button-content-wrapper\">\n\t\t\t\t\t\t\t\t\t<span class=\"elementor-button-text\">Stiahnu\u0165 PRESS KIT<\/span>\n\t\t\t\t\t<\/span>\n\t\t\t\t\t<\/a>\n\t\t\t\t<\/div>\n\t\t\t\t\t\t\t\t<\/div>\n\t\t\t\t<\/div>\n\t\t\t\t<\/div>\n\t\t\t\t<div class=\"elementor-element elementor-element-68ce502 elementor-widget__width-initial elementor-widget elementor-widget-text-editor\" data-id=\"68ce502\" data-element_type=\"widget\" data-widget_type=\"text-editor.default\">\n\t\t\t\t<div class=\"elementor-widget-container\">\n\t\t\t\t\t\t\t\t\t<p><strong>PRESS KIT (.zip) obsahuje nasledovn\u00e9 polo\u017eky:\u00a0<\/strong><\/p>\t\t\t\t\t\t\t\t<\/div>\n\t\t\t\t<\/div>\n\t\t\t\t<div class=\"elementor-element elementor-element-516f24e elementor-widget__width-initial elementor-widget elementor-widget-text-editor\" data-id=\"516f24e\" data-element_type=\"widget\" data-widget_type=\"text-editor.default\">\n\t\t\t\t<div class=\"elementor-widget-container\">\n\t\t\t\t\t\t\t\t\t<ul><li>logo vo v\u0161etk\u00fdch variantoch a \u017eiadan\u00fdch form\u00e1toch (eps, pdf, svg, png, jpg)\u00a0<\/li><li>promo fotky<\/li><li>plag\u00e1ty A4, A3<\/li><\/ul>\t\t\t\t\t\t\t\t<\/div>\n\t\t\t\t<\/div>\n\t\t\t\t<div class=\"elementor-element elementor-element-3d6e000 elementor-widget elementor-widget-spacer\" data-id=\"3d6e000\" data-element_type=\"widget\" data-widget_type=\"spacer.default\">\n\t\t\t\t<div class=\"elementor-widget-container\">\n\t\t\t\t\t\t\t<div class=\"elementor-spacer\">\n\t\t\t<div class=\"elementor-spacer-inner\"><\/div>\n\t\t<\/div>\n\t\t\t\t\t\t<\/div>\n\t\t\t\t<\/div>\n\t\t<div class=\"elementor-element elementor-element-cdbe04f e-con-full e-flex e-con e-child\" data-id=\"cdbe04f\" data-element_type=\"container\">\n\t\t\t\t<div class=\"elementor-element elementor-element-5310845 elementor-widget__width-auto elementor-widget elementor-widget-button\" data-id=\"5310845\" data-element_type=\"widget\" data-widget_type=\"button.default\">\n\t\t\t\t<div class=\"elementor-widget-container\">\n\t\t\t\t\t\t\t\t\t<div class=\"elementor-button-wrapper\">\n\t\t\t\t\t<a class=\"elementor-button elementor-button-link elementor-size-sm\" href=\"https:\/\/klezmer.luboskoptak.sk\/wp-content\/uploads\/2025\/12\/STAGE-PLAN-TECH-RIDER_PKB_2.pdf\" target=\"_blank\" rel=\"nofollow\">\n\t\t\t\t\t\t<span class=\"elementor-button-content-wrapper\">\n\t\t\t\t\t\t\t\t\t<span class=\"elementor-button-text\">Stiahnu\u0165 STAGE PLAN a RIDER<\/span>\n\t\t\t\t\t<\/span>\n\t\t\t\t\t<\/a>\n\t\t\t\t<\/div>\n\t\t\t\t\t\t\t\t<\/div>\n\t\t\t\t<\/div>\n\t\t\t\t<\/div>\n\t\t\t\t<div class=\"elementor-element elementor-element-50a6d47 elementor-widget__width-initial elementor-widget elementor-widget-text-editor\" data-id=\"50a6d47\" data-element_type=\"widget\" data-widget_type=\"text-editor.default\">\n\t\t\t\t<div class=\"elementor-widget-container\">\n\t\t\t\t\t\t\t\t\t<p><strong>STAGE PLAN a RIDER (.zip) obsahuje nasledovn\u00e9 polo\u017eky:\u00a0<\/strong><\/p>\t\t\t\t\t\t\t\t<\/div>\n\t\t\t\t<\/div>\n\t\t\t\t<div class=\"elementor-element elementor-element-314c36b elementor-widget__width-initial elementor-widget elementor-widget-text-editor\" data-id=\"314c36b\" data-element_type=\"widget\" data-widget_type=\"text-editor.default\">\n\t\t\t\t<div class=\"elementor-widget-container\">\n\t\t\t\t\t\t\t\t\t<ul><li>stage plan (poz\u00edcie hudobn\u00edkov na p\u00f3diu)<\/li><li>rider (technick\u00e1 \u0161pecifik\u00e1cia zabezpe\u010denia vyst\u00fapenia)<\/li><\/ul>\t\t\t\t\t\t\t\t<\/div>\n\t\t\t\t<\/div>\n\t\t\t\t<div class=\"elementor-element elementor-element-68c9881 elementor-widget elementor-widget-spacer\" data-id=\"68c9881\" data-element_type=\"widget\" data-widget_type=\"spacer.default\">\n\t\t\t\t<div class=\"elementor-widget-container\">\n\t\t\t\t\t\t\t<div class=\"elementor-spacer\">\n\t\t\t<div class=\"elementor-spacer-inner\"><\/div>\n\t\t<\/div>\n\t\t\t\t\t\t<\/div>\n\t\t\t\t<\/div>\n\t\t<div class=\"elementor-element elementor-element-2a89968 e-con-full e-flex e-con e-child\" data-id=\"2a89968\" data-element_type=\"container\">\n\t\t\t\t<div class=\"elementor-element elementor-element-b7b97db elementor-widget__width-auto elementor-widget elementor-widget-button\" data-id=\"b7b97db\" data-element_type=\"widget\" data-widget_type=\"button.default\">\n\t\t\t\t<div class=\"elementor-widget-container\">\n\t\t\t\t\t\t\t\t\t<div class=\"elementor-button-wrapper\">\n\t\t\t\t\t<a class=\"elementor-button elementor-button-link elementor-size-sm\" href=\"https:\/\/klezmer.luboskoptak.sk\/wp-content\/uploads\/2025\/12\/PLAYLISTY_PKB_3.zip\" target=\"_blank\" rel=\"nofollow\">\n\t\t\t\t\t\t<span class=\"elementor-button-content-wrapper\">\n\t\t\t\t\t\t\t\t\t<span class=\"elementor-button-text\">Stiahnu\u0165 PLAYLISTY<\/span>\n\t\t\t\t\t<\/span>\n\t\t\t\t\t<\/a>\n\t\t\t\t<\/div>\n\t\t\t\t\t\t\t\t<\/div>\n\t\t\t\t<\/div>\n\t\t\t\t<\/div>\n\t\t\t\t<div class=\"elementor-element elementor-element-209fb36 elementor-widget__width-initial elementor-widget elementor-widget-text-editor\" data-id=\"209fb36\" data-element_type=\"widget\" data-widget_type=\"text-editor.default\">\n\t\t\t\t<div class=\"elementor-widget-container\">\n\t\t\t\t\t\t\t\t\t<p><strong>Playlisty (.zip) obsahuje nasledovn\u00e9 polo\u017eky:\u00a0<\/strong><\/p>\t\t\t\t\t\t\t\t<\/div>\n\t\t\t\t<\/div>\n\t\t\t\t<div class=\"elementor-element elementor-element-722ca53 elementor-widget__width-initial elementor-widget elementor-widget-text-editor\" data-id=\"722ca53\" data-element_type=\"widget\" data-widget_type=\"text-editor.default\">\n\t\t\t\t<div class=\"elementor-widget-container\">\n\t\t\t\t\t\t\t\t\t<ul><li>playlist PKB 30\u00a0<\/li><li>playlist Pre\u00dfburger Klezmer Big Band\u00a0<\/li><li>playlist Baladen<\/li><\/ul>\t\t\t\t\t\t\t\t<\/div>\n\t\t\t\t<\/div>\n\t\t\t\t<div class=\"elementor-element elementor-element-cac4b33 elementor-widget elementor-widget-spacer\" data-id=\"cac4b33\" data-element_type=\"widget\" data-widget_type=\"spacer.default\">\n\t\t\t\t<div class=\"elementor-widget-container\">\n\t\t\t\t\t\t\t<div class=\"elementor-spacer\">\n\t\t\t<div class=\"elementor-spacer-inner\"><\/div>\n\t\t<\/div>\n\t\t\t\t\t\t<\/div>\n\t\t\t\t<\/div>\n\t\t\t\t<\/div>\n\t\t\t\t<\/div>\n\t\t<div class=\"elementor-element elementor-element-ed06e6a e-con-full e-flex e-con e-child\" data-id=\"ed06e6a\" data-element_type=\"container\">\n\t\t\t\t<div class=\"elementor-element elementor-element-259caa0 elementor-widget elementor-widget-image\" data-id=\"259caa0\" data-element_type=\"widget\" data-settings=\"{&quot;motion_fx_motion_fx_mouse&quot;:&quot;yes&quot;,&quot;motion_fx_mouseTrack_effect&quot;:&quot;yes&quot;,&quot;motion_fx_mouseTrack_speed&quot;:{&quot;unit&quot;:&quot;px&quot;,&quot;size&quot;:0.1000000000000000055511151231257827021181583404541015625,&quot;sizes&quot;:[]},&quot;motion_fx_tilt_effect&quot;:&quot;yes&quot;,&quot;motion_fx_tilt_speed&quot;:{&quot;unit&quot;:&quot;px&quot;,&quot;size&quot;:2.600000000000000088817841970012523233890533447265625,&quot;sizes&quot;:[]}}\" data-widget_type=\"image.default\">\n\t\t\t\t<div class=\"elementor-widget-container\">\n\t\t\t\t\t\t\t\t\t\t\t\t\t\t\t<img fetchpriority=\"high\" decoding=\"async\" width=\"585\" height=\"577\" src=\"https:\/\/klezmer.luboskoptak.sk\/wp-content\/uploads\/2025\/12\/pecat.png\" class=\"attachment-large size-large wp-image-1562\" alt=\"\" srcset=\"https:\/\/klezmer.luboskoptak.sk\/wp-content\/uploads\/2025\/12\/pecat.png 585w, https:\/\/klezmer.luboskoptak.sk\/wp-content\/uploads\/2025\/12\/pecat-300x296.png 300w, https:\/\/klezmer.luboskoptak.sk\/wp-content\/uploads\/2025\/12\/pecat-12x12.png 12w\" sizes=\"(max-width: 585px) 100vw, 585px\" \/>\t\t\t\t\t\t\t\t\t\t\t\t\t\t\t<\/div>\n\t\t\t\t<\/div>\n\t\t\t\t<\/div>\n\t\t\t\t<\/div>\n\t\t\t\t<div class=\"elementor-element elementor-element-2c7c07c elementor-widget elementor-widget-spacer\" data-id=\"2c7c07c\" data-element_type=\"widget\" data-widget_type=\"spacer.default\">\n\t\t\t\t<div class=\"elementor-widget-container\">\n\t\t\t\t\t\t\t<div class=\"elementor-spacer\">\n\t\t\t<div class=\"elementor-spacer-inner\"><\/div>\n\t\t<\/div>\n\t\t\t\t\t\t<\/div>\n\t\t\t\t<\/div>\n\t\t\t\t<\/div>\n\t\t\t\t\t<\/div>\n\t\t\t\t<\/div>\n\t\t\t\t<\/div>","protected":false},"excerpt":{"rendered":"<p>Pre usporiadate\u013eov:\u00a0na stiahnutie Pre usporiadate\u013eov:\u00a0na stiahnutie Stiahnu\u0165 PRESS KIT PRESS KIT (.zip) obsahuje nasledovn\u00e9 polo\u017eky:\u00a0 logo vo v\u0161etk\u00fdch variantoch a \u017eiadan\u00fdch form\u00e1toch (eps, pdf, svg, png, jpg)\u00a0 promo fotky plag\u00e1ty A4, A3 Stiahnu\u0165 STAGE PLAN a RIDER STAGE PLAN a RIDER (.zip) obsahuje nasledovn\u00e9 polo\u017eky:\u00a0 stage plan (poz\u00edcie hudobn\u00edkov na p\u00f3diu) rider (technick\u00e1 \u0161pecifik\u00e1cia zabezpe\u010denia [&hellip;]<\/p>","protected":false},"author":1,"featured_media":0,"parent":0,"menu_order":0,"comment_status":"closed","ping_status":"closed","template":"elementor_header_footer","meta":{"footnotes":""},"class_list":["post-1708","page","type-page","status-publish","hentry"],"blocksy_meta":[],"_links":{"self":[{"href":"https:\/\/klezmer.luboskoptak.sk\/en\/wp-json\/wp\/v2\/pages\/1708","targetHints":{"allow":["GET"]}}],"collection":[{"href":"https:\/\/klezmer.luboskoptak.sk\/en\/wp-json\/wp\/v2\/pages"}],"about":[{"href":"https:\/\/klezmer.luboskoptak.sk\/en\/wp-json\/wp\/v2\/types\/page"}],"author":[{"embeddable":true,"href":"https:\/\/klezmer.luboskoptak.sk\/en\/wp-json\/wp\/v2\/users\/1"}],"replies":[{"embeddable":true,"href":"https:\/\/klezmer.luboskoptak.sk\/en\/wp-json\/wp\/v2\/comments?post=1708"}],"version-history":[{"count":31,"href":"https:\/\/klezmer.luboskoptak.sk\/en\/wp-json\/wp\/v2\/pages\/1708\/revisions"}],"predecessor-version":[{"id":1939,"href":"https:\/\/klezmer.luboskoptak.sk\/en\/wp-json\/wp\/v2\/pages\/1708\/revisions\/1939"}],"wp:attachment":[{"href":"https:\/\/klezmer.luboskoptak.sk\/en\/wp-json\/wp\/v2\/media?parent=1708"}],"curies":[{"name":"wp","href":"https:\/\/api.w.org\/{rel}","templated":true}]}}