{"id":407,"date":"2025-06-18T16:59:31","date_gmt":"2025-06-18T16:59:31","guid":{"rendered":"https:\/\/klezmer.luboskoptak.sk\/?page_id=407"},"modified":"2025-12-14T16:36:24","modified_gmt":"2025-12-14T16:36:24","slug":"roots-korene","status":"publish","type":"page","link":"https:\/\/klezmer.luboskoptak.sk\/en\/roots-korene\/","title":{"rendered":"Roots Korene"},"content":{"rendered":"<div data-elementor-type=\"wp-page\" data-elementor-id=\"407\" class=\"elementor elementor-407\" data-elementor-post-type=\"page\">\n\t\t\t\t<div class=\"elementor-element elementor-element-4172dfc1 e-flex e-con-boxed e-con e-parent\" data-id=\"4172dfc1\" data-element_type=\"container\" data-settings=\"{&quot;background_background&quot;:&quot;classic&quot;}\">\n\t\t\t\t\t<div class=\"e-con-inner\">\n\t\t<div class=\"elementor-element elementor-element-1168e9d5 e-con-full e-flex e-con e-child\" data-id=\"1168e9d5\" data-element_type=\"container\">\n\t\t\t\t<div class=\"elementor-element elementor-element-1e57c893 elementor-widget elementor-widget-spacer\" data-id=\"1e57c893\" data-element_type=\"widget\" data-widget_type=\"spacer.default\">\n\t\t\t\t<div class=\"elementor-widget-container\">\n\t\t\t\t\t\t\t<div class=\"elementor-spacer\">\n\t\t\t<div class=\"elementor-spacer-inner\"><\/div>\n\t\t<\/div>\n\t\t\t\t\t\t<\/div>\n\t\t\t\t<\/div>\n\t\t<div class=\"elementor-element elementor-element-3fbb1c80 e-con-full e-flex e-con e-child\" data-id=\"3fbb1c80\" data-element_type=\"container\">\n\t\t\t\t<div class=\"elementor-element elementor-element-4af89279 elementor-view-default elementor-widget elementor-widget-icon\" data-id=\"4af89279\" data-element_type=\"widget\" data-widget_type=\"icon.default\">\n\t\t\t\t<div class=\"elementor-widget-container\">\n\t\t\t\t\t\t\t<div class=\"elementor-icon-wrapper\">\n\t\t\t<div class=\"elementor-icon\">\n\t\t\t<svg xmlns=\"http:\/\/www.w3.org\/2000\/svg\" id=\"Layer_1\" viewbox=\"0 0 1366 710\"><path d=\"M1296.95,335.55L867.5,64.85c-15.99-10.09-36.67-10.09-52.66,0l-131.39,82.82-131.39-82.82c-16-10.09-36.67-10.09-52.66,0L69.95,335.55c-6.92,4.37-11.04,11.85-11.04,20.02s4.13,15.65,11.05,20.02l429.45,270.71c8,5.04,17.16,7.57,26.33,7.57s18.33-2.52,26.33-7.57l131.39-82.82,131.39,82.82c8,5.04,17.16,7.57,26.33,7.57s18.33-2.52,26.33-7.57l429.45-270.71c6.92-4.36,11.05-11.85,11.05-20.02s-4.13-15.66-11.05-20.03ZM544.89,634.93c-11.64,7.34-26.68,7.34-38.32,0L77.13,364.23c-2.99-1.89-4.78-5.13-4.78-8.66s1.79-6.77,4.77-8.65L506.58,76.22c5.82-3.67,12.49-5.51,19.16-5.51s13.34,1.84,19.16,5.51l125.96,79.4-285.46,179.94c-6.92,4.37-11.04,11.85-11.04,20.02s4.13,15.65,11.05,20.02l285.45,179.94-125.96,79.4ZM683.45,547.59l-290.88-183.36c-2.99-1.89-4.78-5.13-4.78-8.66s1.79-6.77,4.78-8.65l290.89-183.36,290.88,183.36c2.99,1.89,4.78,5.13,4.78,8.66s-1.79,6.77-4.77,8.65l-290.89,183.36ZM1289.78,364.23l-429.45,270.71c-11.64,7.34-26.68,7.34-38.32,0l-125.95-79.4,285.46-179.94c6.91-4.37,11.04-11.85,11.04-20.02s-4.13-15.65-11.05-20.03l-285.45-179.94,125.95-79.4c5.82-3.67,12.49-5.51,19.16-5.51s13.34,1.83,19.16,5.51l429.45,270.71c2.99,1.89,4.78,5.12,4.78,8.65s-1.79,6.77-4.77,8.65Z\" fill=\"#c1121f\"><\/path><path d=\"M859.55,341.24l-156.12-98.41c-13.89-8.76-31.59-8.76-45.48,0l-156.12,98.41c-4.92,3.11-7.91,8.52-7.91,14.34s2.99,11.23,7.91,14.34l156.12,98.41c13.89,8.76,31.59,8.76,45.48,0l156.12-98.41c4.92-3.11,7.91-8.52,7.91-14.34s-2.99-11.23-7.91-14.34Z\" fill=\"#c1121f\"><\/path><\/svg>\t\t\t<\/div>\n\t\t<\/div>\n\t\t\t\t\t\t<\/div>\n\t\t\t\t<\/div>\n\t\t\t\t<div class=\"elementor-element elementor-element-266f87ab elementor-widget__width-auto elementor-widget-tablet__width-auto elementor-widget elementor-widget-heading\" data-id=\"266f87ab\" data-element_type=\"widget\" data-widget_type=\"heading.default\">\n\t\t\t\t<div class=\"elementor-widget-container\">\n\t\t\t\t\t<h2 class=\"elementor-heading-title elementor-size-default\">KORENE ROOTS<\/h2>\t\t\t\t<\/div>\n\t\t\t\t<\/div>\n\t\t\t\t<\/div>\n\t\t<div class=\"elementor-element elementor-element-0ceb3fc e-con-full e-flex e-con e-child\" data-id=\"0ceb3fc\" data-element_type=\"container\">\n\t\t<div class=\"elementor-element elementor-element-dc0d083 e-con-full e-flex e-con e-child\" data-id=\"dc0d083\" data-element_type=\"container\">\n\t\t\t\t<div class=\"elementor-element elementor-element-a4c762d elementor-widget__width-initial elementor-widget-tablet__width-initial elementor-widget-laptop__width-initial elementor-widget elementor-widget-image\" data-id=\"a4c762d\" data-element_type=\"widget\" data-widget_type=\"image.default\">\n\t\t\t\t<div class=\"elementor-widget-container\">\n\t\t\t\t\t\t\t\t\t\t\t\t\t\t\t<img fetchpriority=\"high\" decoding=\"async\" width=\"630\" height=\"630\" src=\"https:\/\/klezmer.luboskoptak.sk\/wp-content\/uploads\/2025\/06\/2022-PKB-Korene-Roots.jpg\" class=\"attachment-large size-large wp-image-492\" alt=\"2022 PKB Korene - Roots\" srcset=\"https:\/\/klezmer.luboskoptak.sk\/wp-content\/uploads\/2025\/06\/2022-PKB-Korene-Roots.jpg 630w, https:\/\/klezmer.luboskoptak.sk\/wp-content\/uploads\/2025\/06\/2022-PKB-Korene-Roots-300x300.jpg 300w, https:\/\/klezmer.luboskoptak.sk\/wp-content\/uploads\/2025\/06\/2022-PKB-Korene-Roots-150x150.jpg 150w, https:\/\/klezmer.luboskoptak.sk\/wp-content\/uploads\/2025\/06\/2022-PKB-Korene-Roots-12x12.jpg 12w\" sizes=\"(max-width: 630px) 100vw, 630px\" \/>\t\t\t\t\t\t\t\t\t\t\t\t\t\t\t<\/div>\n\t\t\t\t<\/div>\n\t\t<div class=\"elementor-element elementor-element-537b6174 e-con-full e-flex e-con e-child\" data-id=\"537b6174\" data-element_type=\"container\">\n\t\t\t\t<div class=\"elementor-element elementor-element-2fc61d26 elementor-widget__width-initial elementor-widget elementor-widget-text-editor\" data-id=\"2fc61d26\" data-element_type=\"widget\" data-widget_type=\"text-editor.default\">\n\t\t\t\t<div class=\"elementor-widget-container\">\n\t\t\t\t\t\t\t\t\t<p>SLOVAK KLEZMER ASSOCIATION &amp; REAL MUSIC HOUSE, 2022<\/p>\t\t\t\t\t\t\t\t<\/div>\n\t\t\t\t<\/div>\n\t\t\t\t<div class=\"elementor-element elementor-element-6f0d470b elementor-widget__width-initial elementor-widget elementor-widget-text-editor\" data-id=\"6f0d470b\" data-element_type=\"widget\" data-widget_type=\"text-editor.default\">\n\t\t\t\t<div class=\"elementor-widget-container\">\n\t\t\t\t\t\t\t\t\t<p><span style=\"font-weight: 400;\">Pre\u00dfburger Klezmer Band sa na jar 2020 chystal oslavova\u0165 25 rokov existencie nie v\u00fdberom toho najlep\u0161ieho, ale kompletn\u00fdm nov\u00fdm programom. Ten u\u017e bol pripraven\u00fd ke\u010f vypukla pand\u00e9mia covidu, tak sa ho podarilo previes\u0165 pred publikom a\u017e nesk\u00f4r. O \u010fal\u0161\u00ed rok sa kapela rozhodla, \u017ee tieto piesne aj nahr\u00e1 a tak vzniklo CD Korene &#8211; Roots. Vraciame sa tu k pestrosti, pr\u00edtomnej na viacer\u00fdch na\u0161ich minul\u00fdch nahr\u00e1vkach. Piesne s\u00fa komponovan\u00e9 aj \u013eudov\u00e9, spievan\u00e9 aj in\u0161trument\u00e1lne, pomal\u00e9 aj r\u00fdchle, aran\u017eovan\u00e9 \u010dlenmi kapely aj hos\u0165ami, alebo aj bez \u00fapravy prevzat\u00e9 zo 100 a viacro\u010dn\u00fdch klezmerov\u00fdch nahr\u00e1vok. Okrem klasick\u00e9ho obsadenia kapely tu m\u00f4\u017eete po\u010du\u0165 viacero spievaj\u00facich hlasov, aj hos\u0165uj\u00facu dychov\u00fa sekciu. LP vy\u0161lo v limitovanej \u010d\u00edslovanej s\u00e9rii.<\/span><\/p>\t\t\t\t\t\t\t\t<\/div>\n\t\t\t\t<\/div>\n\t\t\t\t<div class=\"elementor-element elementor-element-99981ee elementor-widget elementor-widget-spacer\" data-id=\"99981ee\" data-element_type=\"widget\" data-widget_type=\"spacer.default\">\n\t\t\t\t<div class=\"elementor-widget-container\">\n\t\t\t\t\t\t\t<div class=\"elementor-spacer\">\n\t\t\t<div class=\"elementor-spacer-inner\"><\/div>\n\t\t<\/div>\n\t\t\t\t\t\t<\/div>\n\t\t\t\t<\/div>\n\t\t\t\t<div class=\"elementor-element elementor-element-484ae9e elementor-mobile-align-center elementor-widget elementor-widget-button\" data-id=\"484ae9e\" data-element_type=\"widget\" data-widget_type=\"button.default\">\n\t\t\t\t<div class=\"elementor-widget-container\">\n\t\t\t\t\t\t\t\t\t<div class=\"elementor-button-wrapper\">\n\t\t\t\t\t<a class=\"elementor-button elementor-button-link elementor-size-sm\" href=\"https:\/\/www.youtube.com\/watch?v=qCqi4BcHvtU\" target=\"_blank\" rel=\"nofollow\">\n\t\t\t\t\t\t<span class=\"elementor-button-content-wrapper\">\n\t\t\t\t\t\t<span class=\"elementor-button-icon\">\n\t\t\t\t<svg aria-hidden=\"true\" class=\"e-font-icon-svg e-fab-youtube-square\" viewbox=\"0 0 448 512\" xmlns=\"http:\/\/www.w3.org\/2000\/svg\"><path d=\"M186.8 202.1l95.2 54.1-95.2 54.1V202.1zM448 80v352c0 26.5-21.5 48-48 48H48c-26.5 0-48-21.5-48-48V80c0-26.5 21.5-48 48-48h352c26.5 0 48 21.5 48 48zm-42 176.3s0-59.6-7.6-88.2c-4.2-15.8-16.5-28.2-32.2-32.4C337.9 128 224 128 224 128s-113.9 0-142.2 7.7c-15.7 4.2-28 16.6-32.2 32.4-7.6 28.5-7.6 88.2-7.6 88.2s0 59.6 7.6 88.2c4.2 15.8 16.5 27.7 32.2 31.9C110.1 384 224 384 224 384s113.9 0 142.2-7.7c15.7-4.2 28-16.1 32.2-31.9 7.6-28.5 7.6-88.1 7.6-88.1z\"><\/path><\/svg>\t\t\t<\/span>\n\t\t\t\t\t\t\t\t\t<span class=\"elementor-button-text\">pozrie\u0165 videouk\u00e1\u017eku<\/span>\n\t\t\t\t\t<\/span>\n\t\t\t\t\t<\/a>\n\t\t\t\t<\/div>\n\t\t\t\t\t\t\t\t<\/div>\n\t\t\t\t<\/div>\n\t\t\t\t<div class=\"elementor-element elementor-element-5dda3b3 elementor-widget elementor-widget-spacer\" data-id=\"5dda3b3\" data-element_type=\"widget\" data-widget_type=\"spacer.default\">\n\t\t\t\t<div class=\"elementor-widget-container\">\n\t\t\t\t\t\t\t<div class=\"elementor-spacer\">\n\t\t\t<div class=\"elementor-spacer-inner\"><\/div>\n\t\t<\/div>\n\t\t\t\t\t\t<\/div>\n\t\t\t\t<\/div>\n\t\t<div class=\"elementor-element elementor-element-b4162a9 e-con-full e-flex e-con e-child\" data-id=\"b4162a9\" data-element_type=\"container\">\n\t\t\t\t<div class=\"elementor-element elementor-element-74ce5e75 elementor-widget elementor-widget-button\" data-id=\"74ce5e75\" data-element_type=\"widget\" data-widget_type=\"button.default\">\n\t\t\t\t<div class=\"elementor-widget-container\">\n\t\t\t\t\t\t\t\t\t<div class=\"elementor-button-wrapper\">\n\t\t\t\t\t<a class=\"elementor-button elementor-button-link elementor-size-sm\" href=\"https:\/\/open.spotify.com\/album\/6odNnfAflqOThm5fKmUBOs\" target=\"_blank\" rel=\"nofollow\">\n\t\t\t\t\t\t<span class=\"elementor-button-content-wrapper\">\n\t\t\t\t\t\t\t\t\t<span class=\"elementor-button-text\">Vypo\u010du\u0165 album<\/span>\n\t\t\t\t\t<\/span>\n\t\t\t\t\t<\/a>\n\t\t\t\t<\/div>\n\t\t\t\t\t\t\t\t<\/div>\n\t\t\t\t<\/div>\n\t\t\t\t<div class=\"elementor-element elementor-element-5084e2b5 elementor-widget elementor-widget-button\" data-id=\"5084e2b5\" data-element_type=\"widget\" data-widget_type=\"button.default\">\n\t\t\t\t<div class=\"elementor-widget-container\">\n\t\t\t\t\t\t\t\t\t<div class=\"elementor-button-wrapper\">\n\t\t\t\t\t<a class=\"elementor-button elementor-button-link elementor-size-sm\" href=\"https:\/\/www.spinaker.sk\/pressburger-klezmer-band-pressburger-klezmer-big-band-32674\" target=\"_blank\" rel=\"nofollow\">\n\t\t\t\t\t\t<span class=\"elementor-button-content-wrapper\">\n\t\t\t\t\t\t\t\t\t<span class=\"elementor-button-text\">K\u00fapi\u0165 album<\/span>\n\t\t\t\t\t<\/span>\n\t\t\t\t\t<\/a>\n\t\t\t\t<\/div>\n\t\t\t\t\t\t\t\t<\/div>\n\t\t\t\t<\/div>\n\t\t\t\t<\/div>\n\t\t\t\t<\/div>\n\t\t\t\t<\/div>\n\t\t\t\t<\/div>\n\t\t<div class=\"elementor-element elementor-element-2d4dae5b e-con-full e-flex e-con e-child\" data-id=\"2d4dae5b\" data-element_type=\"container\">\n\t\t<div class=\"elementor-element elementor-element-266cecc3 e-con-full e-flex e-con e-child\" data-id=\"266cecc3\" data-element_type=\"container\">\n\t\t\t\t<div class=\"elementor-element elementor-element-43f4ebbe elementor-widget elementor-widget-heading\" data-id=\"43f4ebbe\" data-element_type=\"widget\" data-widget_type=\"heading.default\">\n\t\t\t\t<div class=\"elementor-widget-container\">\n\t\t\t\t\t<h2 class=\"elementor-heading-title elementor-size-default\"><a href=\"https:\/\/klezmer.luboskoptak.sk\/en\/pressburger-kezmer-big-band\/\">\u2190   Pressburger Kezmer Big Band<\/a><\/h2>\t\t\t\t<\/div>\n\t\t\t\t<\/div>\n\t\t\t\t<div class=\"elementor-element elementor-element-56ddca2 elementor-widget elementor-widget-heading\" data-id=\"56ddca2\" data-element_type=\"widget\" data-widget_type=\"heading.default\">\n\t\t\t\t<div class=\"elementor-widget-container\">\n\t\t\t\t\t<h2 class=\"elementor-heading-title elementor-size-default\"> Korene Roots<\/h2>\t\t\t\t<\/div>\n\t\t\t\t<\/div>\n\t\t\t\t<div class=\"elementor-element elementor-element-7c3cd67a elementor-widget elementor-widget-heading\" data-id=\"7c3cd67a\" data-element_type=\"widget\" data-widget_type=\"heading.default\">\n\t\t\t\t<div class=\"elementor-widget-container\">\n\t\t\t\t\t<h2 class=\"elementor-heading-title elementor-size-default\"><a href=\"https:\/\/klezmer.luboskoptak.sk\/en\/baladen\/\">Baladen   \u2192<\/a><\/h2>\t\t\t\t<\/div>\n\t\t\t\t<\/div>\n\t\t\t\t<\/div>\n\t\t\t\t<\/div>\n\t\t\t\t<div class=\"elementor-element elementor-element-44d74c45 elementor-widget elementor-widget-spacer\" data-id=\"44d74c45\" data-element_type=\"widget\" data-widget_type=\"spacer.default\">\n\t\t\t\t<div class=\"elementor-widget-container\">\n\t\t\t\t\t\t\t<div class=\"elementor-spacer\">\n\t\t\t<div class=\"elementor-spacer-inner\"><\/div>\n\t\t<\/div>\n\t\t\t\t\t\t<\/div>\n\t\t\t\t<\/div>\n\t\t\t\t<\/div>\n\t\t\t\t\t<\/div>\n\t\t\t\t<\/div>\n\t\t\t\t<\/div>","protected":false},"excerpt":{"rendered":"<p>KORENE ROOTS SLOVAK KLEZMER ASSOCIATION &amp; REAL MUSIC HOUSE, 2022 Pre\u00dfburger Klezmer Band sa na jar 2020 chystal oslavova\u0165 25 rokov existencie nie v\u00fdberom toho najlep\u0161ieho, ale kompletn\u00fdm nov\u00fdm programom. Ten u\u017e bol pripraven\u00fd ke\u010f vypukla pand\u00e9mia covidu, tak sa ho podarilo previes\u0165 pred publikom a\u017e nesk\u00f4r. O \u010fal\u0161\u00ed rok sa kapela rozhodla, \u017ee tieto [&hellip;]<\/p>","protected":false},"author":1,"featured_media":0,"parent":0,"menu_order":0,"comment_status":"closed","ping_status":"closed","template":"elementor_header_footer","meta":{"footnotes":""},"class_list":["post-407","page","type-page","status-publish","hentry"],"blocksy_meta":[],"_links":{"self":[{"href":"https:\/\/klezmer.luboskoptak.sk\/en\/wp-json\/wp\/v2\/pages\/407","targetHints":{"allow":["GET"]}}],"collection":[{"href":"https:\/\/klezmer.luboskoptak.sk\/en\/wp-json\/wp\/v2\/pages"}],"about":[{"href":"https:\/\/klezmer.luboskoptak.sk\/en\/wp-json\/wp\/v2\/types\/page"}],"author":[{"embeddable":true,"href":"https:\/\/klezmer.luboskoptak.sk\/en\/wp-json\/wp\/v2\/users\/1"}],"replies":[{"embeddable":true,"href":"https:\/\/klezmer.luboskoptak.sk\/en\/wp-json\/wp\/v2\/comments?post=407"}],"version-history":[{"count":118,"href":"https:\/\/klezmer.luboskoptak.sk\/en\/wp-json\/wp\/v2\/pages\/407\/revisions"}],"predecessor-version":[{"id":1910,"href":"https:\/\/klezmer.luboskoptak.sk\/en\/wp-json\/wp\/v2\/pages\/407\/revisions\/1910"}],"wp:attachment":[{"href":"https:\/\/klezmer.luboskoptak.sk\/en\/wp-json\/wp\/v2\/media?parent=407"}],"curies":[{"name":"wp","href":"https:\/\/api.w.org\/{rel}","templated":true}]}}