{"id":449,"date":"2025-06-18T17:25:48","date_gmt":"2025-06-18T17:25:48","guid":{"rendered":"https:\/\/klezmer.luboskoptak.sk\/?page_id=449"},"modified":"2025-12-13T16:37:40","modified_gmt":"2025-12-13T16:37:40","slug":"tants-mit-mir","status":"publish","type":"page","link":"https:\/\/klezmer.luboskoptak.sk\/en\/tants-mit-mir\/","title":{"rendered":"Tants Mit Mir"},"content":{"rendered":"<div data-elementor-type=\"wp-page\" data-elementor-id=\"449\" class=\"elementor elementor-449\" data-elementor-post-type=\"page\">\n\t\t\t\t<div class=\"elementor-element elementor-element-7b9204df e-flex e-con-boxed e-con e-parent\" data-id=\"7b9204df\" data-element_type=\"container\" data-settings=\"{&quot;background_background&quot;:&quot;classic&quot;}\">\n\t\t\t\t\t<div class=\"e-con-inner\">\n\t\t<div class=\"elementor-element elementor-element-8437c51 e-con-full e-flex e-con e-child\" data-id=\"8437c51\" data-element_type=\"container\">\n\t\t\t\t<div class=\"elementor-element elementor-element-44a7dea4 elementor-widget elementor-widget-spacer\" data-id=\"44a7dea4\" data-element_type=\"widget\" data-widget_type=\"spacer.default\">\n\t\t\t\t<div class=\"elementor-widget-container\">\n\t\t\t\t\t\t\t<div class=\"elementor-spacer\">\n\t\t\t<div class=\"elementor-spacer-inner\"><\/div>\n\t\t<\/div>\n\t\t\t\t\t\t<\/div>\n\t\t\t\t<\/div>\n\t\t<div class=\"elementor-element elementor-element-36b30022 e-con-full e-flex e-con e-child\" data-id=\"36b30022\" data-element_type=\"container\">\n\t\t\t\t<div class=\"elementor-element elementor-element-2d30524c elementor-view-default elementor-widget elementor-widget-icon\" data-id=\"2d30524c\" data-element_type=\"widget\" data-widget_type=\"icon.default\">\n\t\t\t\t<div class=\"elementor-widget-container\">\n\t\t\t\t\t\t\t<div class=\"elementor-icon-wrapper\">\n\t\t\t<div class=\"elementor-icon\">\n\t\t\t<svg xmlns=\"http:\/\/www.w3.org\/2000\/svg\" id=\"Layer_1\" viewbox=\"0 0 1366 710\"><path d=\"M1296.95,335.55L867.5,64.85c-15.99-10.09-36.67-10.09-52.66,0l-131.39,82.82-131.39-82.82c-16-10.09-36.67-10.09-52.66,0L69.95,335.55c-6.92,4.37-11.04,11.85-11.04,20.02s4.13,15.65,11.05,20.02l429.45,270.71c8,5.04,17.16,7.57,26.33,7.57s18.33-2.52,26.33-7.57l131.39-82.82,131.39,82.82c8,5.04,17.16,7.57,26.33,7.57s18.33-2.52,26.33-7.57l429.45-270.71c6.92-4.36,11.05-11.85,11.05-20.02s-4.13-15.66-11.05-20.03ZM544.89,634.93c-11.64,7.34-26.68,7.34-38.32,0L77.13,364.23c-2.99-1.89-4.78-5.13-4.78-8.66s1.79-6.77,4.77-8.65L506.58,76.22c5.82-3.67,12.49-5.51,19.16-5.51s13.34,1.84,19.16,5.51l125.96,79.4-285.46,179.94c-6.92,4.37-11.04,11.85-11.04,20.02s4.13,15.65,11.05,20.02l285.45,179.94-125.96,79.4ZM683.45,547.59l-290.88-183.36c-2.99-1.89-4.78-5.13-4.78-8.66s1.79-6.77,4.78-8.65l290.89-183.36,290.88,183.36c2.99,1.89,4.78,5.13,4.78,8.66s-1.79,6.77-4.77,8.65l-290.89,183.36ZM1289.78,364.23l-429.45,270.71c-11.64,7.34-26.68,7.34-38.32,0l-125.95-79.4,285.46-179.94c6.91-4.37,11.04-11.85,11.04-20.02s-4.13-15.65-11.05-20.03l-285.45-179.94,125.95-79.4c5.82-3.67,12.49-5.51,19.16-5.51s13.34,1.83,19.16,5.51l429.45,270.71c2.99,1.89,4.78,5.12,4.78,8.65s-1.79,6.77-4.77,8.65Z\" fill=\"#c1121f\"><\/path><path d=\"M859.55,341.24l-156.12-98.41c-13.89-8.76-31.59-8.76-45.48,0l-156.12,98.41c-4.92,3.11-7.91,8.52-7.91,14.34s2.99,11.23,7.91,14.34l156.12,98.41c13.89,8.76,31.59,8.76,45.48,0l156.12-98.41c4.92-3.11,7.91-8.52,7.91-14.34s-2.99-11.23-7.91-14.34Z\" fill=\"#c1121f\"><\/path><\/svg>\t\t\t<\/div>\n\t\t<\/div>\n\t\t\t\t\t\t<\/div>\n\t\t\t\t<\/div>\n\t\t\t\t<div class=\"elementor-element elementor-element-307c320b elementor-widget__width-auto elementor-widget-tablet__width-auto elementor-widget elementor-widget-heading\" data-id=\"307c320b\" data-element_type=\"widget\" data-widget_type=\"heading.default\">\n\t\t\t\t<div class=\"elementor-widget-container\">\n\t\t\t\t\t<h2 class=\"elementor-heading-title elementor-size-default\">TANTS MIT MIR<\/h2>\t\t\t\t<\/div>\n\t\t\t\t<\/div>\n\t\t\t\t<\/div>\n\t\t<div class=\"elementor-element elementor-element-7246cc0e e-con-full e-flex e-con e-child\" data-id=\"7246cc0e\" data-element_type=\"container\">\n\t\t<div class=\"elementor-element elementor-element-2d21871e e-con-full e-flex e-con e-child\" data-id=\"2d21871e\" data-element_type=\"container\">\n\t\t\t\t<div class=\"elementor-element elementor-element-361a54a7 elementor-widget__width-initial elementor-widget-tablet__width-initial elementor-widget-laptop__width-initial elementor-widget elementor-widget-image\" data-id=\"361a54a7\" data-element_type=\"widget\" data-widget_type=\"image.default\">\n\t\t\t\t<div class=\"elementor-widget-container\">\n\t\t\t\t\t\t\t\t\t\t\t\t\t\t\t<img fetchpriority=\"high\" decoding=\"async\" width=\"630\" height=\"630\" src=\"https:\/\/klezmer.luboskoptak.sk\/wp-content\/uploads\/2025\/06\/2012-PKB-Tants-Mit-Mir.jpg\" class=\"attachment-large size-large wp-image-496\" alt=\"2012 PKB Tants Mit Mir\" srcset=\"https:\/\/klezmer.luboskoptak.sk\/wp-content\/uploads\/2025\/06\/2012-PKB-Tants-Mit-Mir.jpg 630w, https:\/\/klezmer.luboskoptak.sk\/wp-content\/uploads\/2025\/06\/2012-PKB-Tants-Mit-Mir-300x300.jpg 300w, https:\/\/klezmer.luboskoptak.sk\/wp-content\/uploads\/2025\/06\/2012-PKB-Tants-Mit-Mir-150x150.jpg 150w, https:\/\/klezmer.luboskoptak.sk\/wp-content\/uploads\/2025\/06\/2012-PKB-Tants-Mit-Mir-12x12.jpg 12w\" sizes=\"(max-width: 630px) 100vw, 630px\" \/>\t\t\t\t\t\t\t\t\t\t\t\t\t\t\t<\/div>\n\t\t\t\t<\/div>\n\t\t<div class=\"elementor-element elementor-element-54c1775b e-con-full e-flex e-con e-child\" data-id=\"54c1775b\" data-element_type=\"container\">\n\t\t\t\t<div class=\"elementor-element elementor-element-be85e96 elementor-widget__width-initial elementor-widget elementor-widget-text-editor\" data-id=\"be85e96\" data-element_type=\"widget\" data-widget_type=\"text-editor.default\">\n\t\t\t\t<div class=\"elementor-widget-container\">\n\t\t\t\t\t\t\t\t\t<p>2012<\/p>\t\t\t\t\t\t\t\t<\/div>\n\t\t\t\t<\/div>\n\t\t\t\t<div class=\"elementor-element elementor-element-38f241d2 elementor-widget__width-initial elementor-widget elementor-widget-text-editor\" data-id=\"38f241d2\" data-element_type=\"widget\" data-widget_type=\"text-editor.default\">\n\t\t\t\t<div class=\"elementor-widget-container\">\n\t\t\t\t\t\t\t\t\t<p><span style=\"font-weight: 400;\">Tento album je na\u0161ou hudobnou prech\u00e1dzkou. \u0160pac\u00edrkou po v\u00fdchodnej \u010dasti Eur\u00f3py. Tancujme! Po\u013esk\u00fa Szabas\u00f3wku, kaza\u010dok a bulgar v Odese. V bl\u00edzkom meste\u010dku sme na svadbe Mizinky, ideme s chlap\u010dekom na trh a po\u010d\u00favame diev\u010dinu, ako spieva, \u017ee \u013e\u00fabi svojho Shloymeleho. Tam, kde kon\u010d\u00ed Ukrajina a za\u010d\u00edna Slovensko op\u00e4\u0165 tancujeme! \u010co in\u00e9 ako kolomyjky a Moj\u0161eho? Kr\u00e1\u010dame do Vojvodiny spievaj\u00fac o malej zvodnej cig\u00e1nke a prech\u00e1dzame do divok\u00fdch srbsk\u00fdch tancov. Kr\u00e1tka zast\u00e1vka v Kosove a napokon gr\u00e9cky tanec. Nevl\u00e1dzeme a upad\u00e1me do melanch\u00f3lie. P\u00f4vodne \u017eidovsk\u00e9 sevdalinky Moj Dilbere a Kad ja po\u0111oh na Bemba\u0161u si \u0161epk\u00e1me v sarajevsk\u00fdch uli\u010dk\u00e1ch. A na koniec? Lawless, winged and unconfined\u2026 Na cd spolupracovali viacer\u00ed renomovan\u00ed hudobn\u00ed hostia, album bol ocenen\u00fd prest\u00ed\u017enou cenou Radio Head Award za rok 2012.<\/span><\/p>\t\t\t\t\t\t\t\t<\/div>\n\t\t\t\t<\/div>\n\t\t\t\t<div class=\"elementor-element elementor-element-6d16a2c7 elementor-widget elementor-widget-spacer\" data-id=\"6d16a2c7\" data-element_type=\"widget\" data-widget_type=\"spacer.default\">\n\t\t\t\t<div class=\"elementor-widget-container\">\n\t\t\t\t\t\t\t<div class=\"elementor-spacer\">\n\t\t\t<div class=\"elementor-spacer-inner\"><\/div>\n\t\t<\/div>\n\t\t\t\t\t\t<\/div>\n\t\t\t\t<\/div>\n\t\t\t\t<div class=\"elementor-element elementor-element-72c99ab8 elementor-mobile-align-center elementor-widget elementor-widget-button\" data-id=\"72c99ab8\" data-element_type=\"widget\" data-widget_type=\"button.default\">\n\t\t\t\t<div class=\"elementor-widget-container\">\n\t\t\t\t\t\t\t\t\t<div class=\"elementor-button-wrapper\">\n\t\t\t\t\t<a class=\"elementor-button elementor-button-link elementor-size-sm\" href=\"https:\/\/www.youtube.com\/embed\/sbHPWwiD_f0?si=eR6JB5UBVPjUFT2A\" target=\"_blank\" rel=\"nofollow\">\n\t\t\t\t\t\t<span class=\"elementor-button-content-wrapper\">\n\t\t\t\t\t\t<span class=\"elementor-button-icon\">\n\t\t\t\t<svg aria-hidden=\"true\" class=\"e-font-icon-svg e-fab-youtube-square\" viewbox=\"0 0 448 512\" xmlns=\"http:\/\/www.w3.org\/2000\/svg\"><path d=\"M186.8 202.1l95.2 54.1-95.2 54.1V202.1zM448 80v352c0 26.5-21.5 48-48 48H48c-26.5 0-48-21.5-48-48V80c0-26.5 21.5-48 48-48h352c26.5 0 48 21.5 48 48zm-42 176.3s0-59.6-7.6-88.2c-4.2-15.8-16.5-28.2-32.2-32.4C337.9 128 224 128 224 128s-113.9 0-142.2 7.7c-15.7 4.2-28 16.6-32.2 32.4-7.6 28.5-7.6 88.2-7.6 88.2s0 59.6 7.6 88.2c4.2 15.8 16.5 27.7 32.2 31.9C110.1 384 224 384 224 384s113.9 0 142.2-7.7c15.7-4.2 28-16.1 32.2-31.9 7.6-28.5 7.6-88.1 7.6-88.1z\"><\/path><\/svg>\t\t\t<\/span>\n\t\t\t\t\t\t\t\t\t<span class=\"elementor-button-text\">pozrie\u0165 videouk\u00e1\u017eku<\/span>\n\t\t\t\t\t<\/span>\n\t\t\t\t\t<\/a>\n\t\t\t\t<\/div>\n\t\t\t\t\t\t\t\t<\/div>\n\t\t\t\t<\/div>\n\t\t\t\t<div class=\"elementor-element elementor-element-62b76542 elementor-widget elementor-widget-spacer\" data-id=\"62b76542\" data-element_type=\"widget\" data-widget_type=\"spacer.default\">\n\t\t\t\t<div class=\"elementor-widget-container\">\n\t\t\t\t\t\t\t<div class=\"elementor-spacer\">\n\t\t\t<div class=\"elementor-spacer-inner\"><\/div>\n\t\t<\/div>\n\t\t\t\t\t\t<\/div>\n\t\t\t\t<\/div>\n\t\t<div class=\"elementor-element elementor-element-4430b401 e-con-full e-flex e-con e-child\" data-id=\"4430b401\" data-element_type=\"container\">\n\t\t\t\t<div class=\"elementor-element elementor-element-5867776a elementor-widget elementor-widget-button\" data-id=\"5867776a\" data-element_type=\"widget\" data-widget_type=\"button.default\">\n\t\t\t\t<div class=\"elementor-widget-container\">\n\t\t\t\t\t\t\t\t\t<div class=\"elementor-button-wrapper\">\n\t\t\t\t\t<a class=\"elementor-button elementor-button-link elementor-size-sm\" href=\"https:\/\/open.spotify.com\/album\/6OprGQSHhvdrbceld0RNtH\" target=\"_blank\" rel=\"nofollow\">\n\t\t\t\t\t\t<span class=\"elementor-button-content-wrapper\">\n\t\t\t\t\t\t\t\t\t<span class=\"elementor-button-text\">Vypo\u010du\u0165 album<\/span>\n\t\t\t\t\t<\/span>\n\t\t\t\t\t<\/a>\n\t\t\t\t<\/div>\n\t\t\t\t\t\t\t\t<\/div>\n\t\t\t\t<\/div>\n\t\t\t\t<div class=\"elementor-element elementor-element-5772e388 elementor-widget elementor-widget-button\" data-id=\"5772e388\" data-element_type=\"widget\" data-widget_type=\"button.default\">\n\t\t\t\t<div class=\"elementor-widget-container\">\n\t\t\t\t\t\t\t\t\t<div class=\"elementor-button-wrapper\">\n\t\t\t\t\t<a class=\"elementor-button elementor-button-link elementor-size-sm\" href=\"https:\/\/www.spinaker.sk\/pressburger-klezmer-band-tants-mit-mir\" target=\"_blank\" rel=\"nofollow\">\n\t\t\t\t\t\t<span class=\"elementor-button-content-wrapper\">\n\t\t\t\t\t\t\t\t\t<span class=\"elementor-button-text\">K\u00fapi\u0165 album<\/span>\n\t\t\t\t\t<\/span>\n\t\t\t\t\t<\/a>\n\t\t\t\t<\/div>\n\t\t\t\t\t\t\t\t<\/div>\n\t\t\t\t<\/div>\n\t\t\t\t<\/div>\n\t\t\t\t<\/div>\n\t\t\t\t<\/div>\n\t\t\t\t<\/div>\n\t\t<div class=\"elementor-element elementor-element-71525de5 e-con-full e-flex e-con e-child\" data-id=\"71525de5\" data-element_type=\"container\">\n\t\t<div class=\"elementor-element elementor-element-3678b1cc e-con-full e-flex e-con e-child\" data-id=\"3678b1cc\" data-element_type=\"container\">\n\t\t\t\t<div class=\"elementor-element elementor-element-68776a69 elementor-widget elementor-widget-heading\" data-id=\"68776a69\" data-element_type=\"widget\" data-widget_type=\"heading.default\">\n\t\t\t\t<div class=\"elementor-widget-container\">\n\t\t\t\t\t<h2 class=\"elementor-heading-title elementor-size-default\"><a href=\"https:\/\/klezmer.luboskoptak.sk\/en\/tsvantsik-yorn\/\">\u2190   Tsvantsik Yorn<\/a><\/h2>\t\t\t\t<\/div>\n\t\t\t\t<\/div>\n\t\t\t\t<div class=\"elementor-element elementor-element-6846dc85 elementor-widget elementor-widget-heading\" data-id=\"6846dc85\" data-element_type=\"widget\" data-widget_type=\"heading.default\">\n\t\t\t\t<div class=\"elementor-widget-container\">\n\t\t\t\t\t<h2 class=\"elementor-heading-title elementor-size-default\">Tants Mit Mir<\/h2>\t\t\t\t<\/div>\n\t\t\t\t<\/div>\n\t\t\t\t<div class=\"elementor-element elementor-element-16403b35 elementor-widget elementor-widget-heading\" data-id=\"16403b35\" data-element_type=\"widget\" data-widget_type=\"heading.default\">\n\t\t\t\t<div class=\"elementor-widget-container\">\n\t\t\t\t\t<h2 class=\"elementor-heading-title elementor-size-default\"><a href=\"https:\/\/klezmer.luboskoptak.sk\/en\/presburger-special\/\">Special   \u2192<\/a><\/h2>\t\t\t\t<\/div>\n\t\t\t\t<\/div>\n\t\t\t\t<\/div>\n\t\t\t\t<\/div>\n\t\t\t\t<div class=\"elementor-element elementor-element-6020b846 elementor-widget elementor-widget-spacer\" data-id=\"6020b846\" data-element_type=\"widget\" data-widget_type=\"spacer.default\">\n\t\t\t\t<div class=\"elementor-widget-container\">\n\t\t\t\t\t\t\t<div class=\"elementor-spacer\">\n\t\t\t<div class=\"elementor-spacer-inner\"><\/div>\n\t\t<\/div>\n\t\t\t\t\t\t<\/div>\n\t\t\t\t<\/div>\n\t\t\t\t<\/div>\n\t\t\t\t\t<\/div>\n\t\t\t\t<\/div>\n\t\t\t\t<\/div>","protected":false},"excerpt":{"rendered":"<p>TANTS MIT MIR 2012 Tento album je na\u0161ou hudobnou prech\u00e1dzkou. \u0160pac\u00edrkou po v\u00fdchodnej \u010dasti Eur\u00f3py. Tancujme! Po\u013esk\u00fa Szabas\u00f3wku, kaza\u010dok a bulgar v Odese. V bl\u00edzkom meste\u010dku sme na svadbe Mizinky, ideme s chlap\u010dekom na trh a po\u010d\u00favame diev\u010dinu, ako spieva, \u017ee \u013e\u00fabi svojho Shloymeleho. Tam, kde kon\u010d\u00ed Ukrajina a za\u010d\u00edna Slovensko op\u00e4\u0165 tancujeme! \u010co in\u00e9 [&hellip;]<\/p>","protected":false},"author":1,"featured_media":0,"parent":0,"menu_order":0,"comment_status":"closed","ping_status":"closed","template":"elementor_header_footer","meta":{"footnotes":""},"class_list":["post-449","page","type-page","status-publish","hentry"],"blocksy_meta":[],"_links":{"self":[{"href":"https:\/\/klezmer.luboskoptak.sk\/en\/wp-json\/wp\/v2\/pages\/449","targetHints":{"allow":["GET"]}}],"collection":[{"href":"https:\/\/klezmer.luboskoptak.sk\/en\/wp-json\/wp\/v2\/pages"}],"about":[{"href":"https:\/\/klezmer.luboskoptak.sk\/en\/wp-json\/wp\/v2\/types\/page"}],"author":[{"embeddable":true,"href":"https:\/\/klezmer.luboskoptak.sk\/en\/wp-json\/wp\/v2\/users\/1"}],"replies":[{"embeddable":true,"href":"https:\/\/klezmer.luboskoptak.sk\/en\/wp-json\/wp\/v2\/comments?post=449"}],"version-history":[{"count":28,"href":"https:\/\/klezmer.luboskoptak.sk\/en\/wp-json\/wp\/v2\/pages\/449\/revisions"}],"predecessor-version":[{"id":1889,"href":"https:\/\/klezmer.luboskoptak.sk\/en\/wp-json\/wp\/v2\/pages\/449\/revisions\/1889"}],"wp:attachment":[{"href":"https:\/\/klezmer.luboskoptak.sk\/en\/wp-json\/wp\/v2\/media?parent=449"}],"curies":[{"name":"wp","href":"https:\/\/api.w.org\/{rel}","templated":true}]}}