{"id":454,"date":"2025-06-18T17:28:38","date_gmt":"2025-06-18T17:28:38","guid":{"rendered":"https:\/\/klezmer.luboskoptak.sk\/?page_id=454"},"modified":"2025-12-13T15:54:47","modified_gmt":"2025-12-13T15:54:47","slug":"presburger-special","status":"publish","type":"page","link":"https:\/\/klezmer.luboskoptak.sk\/en\/presburger-special\/","title":{"rendered":"Pre\u00dfburger Special"},"content":{"rendered":"<div data-elementor-type=\"wp-page\" data-elementor-id=\"454\" class=\"elementor elementor-454\" data-elementor-post-type=\"page\">\n\t\t\t\t<div class=\"elementor-element elementor-element-6603e76e e-flex e-con-boxed e-con e-parent\" data-id=\"6603e76e\" data-element_type=\"container\" data-settings=\"{&quot;background_background&quot;:&quot;classic&quot;}\">\n\t\t\t\t\t<div class=\"e-con-inner\">\n\t\t<div class=\"elementor-element elementor-element-4c21b5ab e-con-full e-flex e-con e-child\" data-id=\"4c21b5ab\" data-element_type=\"container\">\n\t\t\t\t<div class=\"elementor-element elementor-element-627f32dc elementor-widget elementor-widget-spacer\" data-id=\"627f32dc\" data-element_type=\"widget\" data-widget_type=\"spacer.default\">\n\t\t\t\t<div class=\"elementor-widget-container\">\n\t\t\t\t\t\t\t<div class=\"elementor-spacer\">\n\t\t\t<div class=\"elementor-spacer-inner\"><\/div>\n\t\t<\/div>\n\t\t\t\t\t\t<\/div>\n\t\t\t\t<\/div>\n\t\t<div class=\"elementor-element elementor-element-2e961beb e-con-full e-flex e-con e-child\" data-id=\"2e961beb\" data-element_type=\"container\">\n\t\t\t\t<div class=\"elementor-element elementor-element-164d54d3 elementor-view-default elementor-widget elementor-widget-icon\" data-id=\"164d54d3\" data-element_type=\"widget\" data-widget_type=\"icon.default\">\n\t\t\t\t<div class=\"elementor-widget-container\">\n\t\t\t\t\t\t\t<div class=\"elementor-icon-wrapper\">\n\t\t\t<div class=\"elementor-icon\">\n\t\t\t<svg xmlns=\"http:\/\/www.w3.org\/2000\/svg\" id=\"Layer_1\" viewbox=\"0 0 1366 710\"><path d=\"M1296.95,335.55L867.5,64.85c-15.99-10.09-36.67-10.09-52.66,0l-131.39,82.82-131.39-82.82c-16-10.09-36.67-10.09-52.66,0L69.95,335.55c-6.92,4.37-11.04,11.85-11.04,20.02s4.13,15.65,11.05,20.02l429.45,270.71c8,5.04,17.16,7.57,26.33,7.57s18.33-2.52,26.33-7.57l131.39-82.82,131.39,82.82c8,5.04,17.16,7.57,26.33,7.57s18.33-2.52,26.33-7.57l429.45-270.71c6.92-4.36,11.05-11.85,11.05-20.02s-4.13-15.66-11.05-20.03ZM544.89,634.93c-11.64,7.34-26.68,7.34-38.32,0L77.13,364.23c-2.99-1.89-4.78-5.13-4.78-8.66s1.79-6.77,4.77-8.65L506.58,76.22c5.82-3.67,12.49-5.51,19.16-5.51s13.34,1.84,19.16,5.51l125.96,79.4-285.46,179.94c-6.92,4.37-11.04,11.85-11.04,20.02s4.13,15.65,11.05,20.02l285.45,179.94-125.96,79.4ZM683.45,547.59l-290.88-183.36c-2.99-1.89-4.78-5.13-4.78-8.66s1.79-6.77,4.78-8.65l290.89-183.36,290.88,183.36c2.99,1.89,4.78,5.13,4.78,8.66s-1.79,6.77-4.77,8.65l-290.89,183.36ZM1289.78,364.23l-429.45,270.71c-11.64,7.34-26.68,7.34-38.32,0l-125.95-79.4,285.46-179.94c6.91-4.37,11.04-11.85,11.04-20.02s-4.13-15.65-11.05-20.03l-285.45-179.94,125.95-79.4c5.82-3.67,12.49-5.51,19.16-5.51s13.34,1.83,19.16,5.51l429.45,270.71c2.99,1.89,4.78,5.12,4.78,8.65s-1.79,6.77-4.77,8.65Z\" fill=\"#c1121f\"><\/path><path d=\"M859.55,341.24l-156.12-98.41c-13.89-8.76-31.59-8.76-45.48,0l-156.12,98.41c-4.92,3.11-7.91,8.52-7.91,14.34s2.99,11.23,7.91,14.34l156.12,98.41c13.89,8.76,31.59,8.76,45.48,0l156.12-98.41c4.92-3.11,7.91-8.52,7.91-14.34s-2.99-11.23-7.91-14.34Z\" fill=\"#c1121f\"><\/path><\/svg>\t\t\t<\/div>\n\t\t<\/div>\n\t\t\t\t\t\t<\/div>\n\t\t\t\t<\/div>\n\t\t\t\t<div class=\"elementor-element elementor-element-3374e2a elementor-widget__width-auto elementor-widget-tablet__width-auto elementor-widget elementor-widget-heading\" data-id=\"3374e2a\" data-element_type=\"widget\" data-widget_type=\"heading.default\">\n\t\t\t\t<div class=\"elementor-widget-container\">\n\t\t\t\t\t<h2 class=\"elementor-heading-title elementor-size-default\">SPECIAL<\/h2>\t\t\t\t<\/div>\n\t\t\t\t<\/div>\n\t\t\t\t<\/div>\n\t\t<div class=\"elementor-element elementor-element-45f98711 e-con-full e-flex e-con e-child\" data-id=\"45f98711\" data-element_type=\"container\">\n\t\t<div class=\"elementor-element elementor-element-6acc5991 e-con-full e-flex e-con e-child\" data-id=\"6acc5991\" data-element_type=\"container\">\n\t\t\t\t<div class=\"elementor-element elementor-element-37b3c99f elementor-widget__width-initial elementor-widget-tablet__width-initial elementor-widget-laptop__width-initial elementor-widget elementor-widget-image\" data-id=\"37b3c99f\" data-element_type=\"widget\" data-widget_type=\"image.default\">\n\t\t\t\t<div class=\"elementor-widget-container\">\n\t\t\t\t\t\t\t\t\t\t\t\t\t\t\t<img fetchpriority=\"high\" decoding=\"async\" width=\"630\" height=\"630\" src=\"https:\/\/klezmer.luboskoptak.sk\/wp-content\/uploads\/2025\/06\/2010-PKB-Presburger-Special.jpg\" class=\"attachment-large size-large wp-image-497\" alt=\"2010 PKB Pre\u00dfburger Special\" srcset=\"https:\/\/klezmer.luboskoptak.sk\/wp-content\/uploads\/2025\/06\/2010-PKB-Presburger-Special.jpg 630w, https:\/\/klezmer.luboskoptak.sk\/wp-content\/uploads\/2025\/06\/2010-PKB-Presburger-Special-300x300.jpg 300w, https:\/\/klezmer.luboskoptak.sk\/wp-content\/uploads\/2025\/06\/2010-PKB-Presburger-Special-150x150.jpg 150w, https:\/\/klezmer.luboskoptak.sk\/wp-content\/uploads\/2025\/06\/2010-PKB-Presburger-Special-12x12.jpg 12w\" sizes=\"(max-width: 630px) 100vw, 630px\" \/>\t\t\t\t\t\t\t\t\t\t\t\t\t\t\t<\/div>\n\t\t\t\t<\/div>\n\t\t<div class=\"elementor-element elementor-element-6bf97aed e-con-full e-flex e-con e-child\" data-id=\"6bf97aed\" data-element_type=\"container\">\n\t\t\t\t<div class=\"elementor-element elementor-element-3bbd7228 elementor-widget__width-initial elementor-widget elementor-widget-text-editor\" data-id=\"3bbd7228\" data-element_type=\"widget\" data-widget_type=\"text-editor.default\">\n\t\t\t\t<div class=\"elementor-widget-container\">\n\t\t\t\t\t\t\t\t\t<p>SLOVAK KLEZMER ASSOCIATION &amp; REAL MUSIC HOUSE, 2022<\/p>\t\t\t\t\t\t\t\t<\/div>\n\t\t\t\t<\/div>\n\t\t\t\t<div class=\"elementor-element elementor-element-21470a elementor-widget__width-initial elementor-widget elementor-widget-text-editor\" data-id=\"21470a\" data-element_type=\"widget\" data-widget_type=\"text-editor.default\">\n\t\t\t\t<div class=\"elementor-widget-container\">\n\t\t\t\t\t\t\t\t\t<p><span style=\"font-weight: 400;\">V\u00fdberov\u00e9 CD zostaven\u00e9 z najob\u013e\u00fabenej\u0161\u00edch a na koncertoch naj\u017eiadanej\u0161\u00edch piesn\u00ed po\u010das 15-ro\u010dnej hist\u00f3rie skupiny. Album obsahuje okrem nov\u00fdch nahr\u00e1vok klezmerov\u00fdch \u201ehitoviek\u201c aj doteraz nevydan\u00e9 \u017eidovsk\u00e9 \u0161l\u00e1gre a bonusov\u00e9 tracky z \u00faspe\u0161n\u00fdch projektov PKB.<\/span><\/p>\t\t\t\t\t\t\t\t<\/div>\n\t\t\t\t<\/div>\n\t\t\t\t<div class=\"elementor-element elementor-element-a9bd838 elementor-widget elementor-widget-spacer\" data-id=\"a9bd838\" data-element_type=\"widget\" data-widget_type=\"spacer.default\">\n\t\t\t\t<div class=\"elementor-widget-container\">\n\t\t\t\t\t\t\t<div class=\"elementor-spacer\">\n\t\t\t<div class=\"elementor-spacer-inner\"><\/div>\n\t\t<\/div>\n\t\t\t\t\t\t<\/div>\n\t\t\t\t<\/div>\n\t\t\t\t<div class=\"elementor-element elementor-element-52dc474 elementor-mobile-align-center elementor-widget elementor-widget-button\" data-id=\"52dc474\" data-element_type=\"widget\" data-widget_type=\"button.default\">\n\t\t\t\t<div class=\"elementor-widget-container\">\n\t\t\t\t\t\t\t\t\t<div class=\"elementor-button-wrapper\">\n\t\t\t\t\t<a class=\"elementor-button elementor-button-link elementor-size-sm\" href=\"https:\/\/www.youtube.com\/embed\/1JHm940rZjE?si=yVFhaCNgu-TIvKBr\" target=\"_blank\" rel=\"nofollow\">\n\t\t\t\t\t\t<span class=\"elementor-button-content-wrapper\">\n\t\t\t\t\t\t<span class=\"elementor-button-icon\">\n\t\t\t\t<svg aria-hidden=\"true\" class=\"e-font-icon-svg e-fab-youtube-square\" viewbox=\"0 0 448 512\" xmlns=\"http:\/\/www.w3.org\/2000\/svg\"><path d=\"M186.8 202.1l95.2 54.1-95.2 54.1V202.1zM448 80v352c0 26.5-21.5 48-48 48H48c-26.5 0-48-21.5-48-48V80c0-26.5 21.5-48 48-48h352c26.5 0 48 21.5 48 48zm-42 176.3s0-59.6-7.6-88.2c-4.2-15.8-16.5-28.2-32.2-32.4C337.9 128 224 128 224 128s-113.9 0-142.2 7.7c-15.7 4.2-28 16.6-32.2 32.4-7.6 28.5-7.6 88.2-7.6 88.2s0 59.6 7.6 88.2c4.2 15.8 16.5 27.7 32.2 31.9C110.1 384 224 384 224 384s113.9 0 142.2-7.7c15.7-4.2 28-16.1 32.2-31.9 7.6-28.5 7.6-88.1 7.6-88.1z\"><\/path><\/svg>\t\t\t<\/span>\n\t\t\t\t\t\t\t\t\t<span class=\"elementor-button-text\">pozrie\u0165 videouk\u00e1\u017eku<\/span>\n\t\t\t\t\t<\/span>\n\t\t\t\t\t<\/a>\n\t\t\t\t<\/div>\n\t\t\t\t\t\t\t\t<\/div>\n\t\t\t\t<\/div>\n\t\t\t\t<div class=\"elementor-element elementor-element-f6d5128 elementor-widget elementor-widget-spacer\" data-id=\"f6d5128\" data-element_type=\"widget\" data-widget_type=\"spacer.default\">\n\t\t\t\t<div class=\"elementor-widget-container\">\n\t\t\t\t\t\t\t<div class=\"elementor-spacer\">\n\t\t\t<div class=\"elementor-spacer-inner\"><\/div>\n\t\t<\/div>\n\t\t\t\t\t\t<\/div>\n\t\t\t\t<\/div>\n\t\t<div class=\"elementor-element elementor-element-65dcb918 e-con-full e-flex e-con e-child\" data-id=\"65dcb918\" data-element_type=\"container\">\n\t\t\t\t<div class=\"elementor-element elementor-element-1bdf68d8 elementor-widget elementor-widget-button\" data-id=\"1bdf68d8\" data-element_type=\"widget\" data-widget_type=\"button.default\">\n\t\t\t\t<div class=\"elementor-widget-container\">\n\t\t\t\t\t\t\t\t\t<div class=\"elementor-button-wrapper\">\n\t\t\t\t\t<a class=\"elementor-button elementor-button-link elementor-size-sm\" href=\"https:\/\/open.spotify.com\/album\/7vTSiUbqPbQlq0MElpG4ib\" target=\"_blank\" rel=\"nofollow\">\n\t\t\t\t\t\t<span class=\"elementor-button-content-wrapper\">\n\t\t\t\t\t\t\t\t\t<span class=\"elementor-button-text\">Vypo\u010du\u0165 album<\/span>\n\t\t\t\t\t<\/span>\n\t\t\t\t\t<\/a>\n\t\t\t\t<\/div>\n\t\t\t\t\t\t\t\t<\/div>\n\t\t\t\t<\/div>\n\t\t\t\t<div class=\"elementor-element elementor-element-55a76d5e elementor-widget elementor-widget-button\" data-id=\"55a76d5e\" data-element_type=\"widget\" data-widget_type=\"button.default\">\n\t\t\t\t<div class=\"elementor-widget-container\">\n\t\t\t\t\t\t\t\t\t<div class=\"elementor-button-wrapper\">\n\t\t\t\t\t<a class=\"elementor-button elementor-button-link elementor-size-sm\" href=\"https:\/\/www.spinaker.sk\/pressburger-klezmer-band-special\" target=\"_blank\" rel=\"nofollow\">\n\t\t\t\t\t\t<span class=\"elementor-button-content-wrapper\">\n\t\t\t\t\t\t\t\t\t<span class=\"elementor-button-text\">K\u00fapi\u0165 album<\/span>\n\t\t\t\t\t<\/span>\n\t\t\t\t\t<\/a>\n\t\t\t\t<\/div>\n\t\t\t\t\t\t\t\t<\/div>\n\t\t\t\t<\/div>\n\t\t\t\t<\/div>\n\t\t\t\t<\/div>\n\t\t\t\t<\/div>\n\t\t\t\t<\/div>\n\t\t<div class=\"elementor-element elementor-element-754afecf e-con-full e-flex e-con e-child\" data-id=\"754afecf\" data-element_type=\"container\">\n\t\t<div class=\"elementor-element elementor-element-51607105 e-con-full e-flex e-con e-child\" data-id=\"51607105\" data-element_type=\"container\">\n\t\t\t\t<div class=\"elementor-element elementor-element-27315582 elementor-widget elementor-widget-heading\" data-id=\"27315582\" data-element_type=\"widget\" data-widget_type=\"heading.default\">\n\t\t\t\t<div class=\"elementor-widget-container\">\n\t\t\t\t\t<h2 class=\"elementor-heading-title elementor-size-default\"><a href=\"https:\/\/klezmer.luboskoptak.sk\/en\/tants-mit-mir\/\">\u2190   Tants Mit Mir <\/a><\/h2>\t\t\t\t<\/div>\n\t\t\t\t<\/div>\n\t\t\t\t<div class=\"elementor-element elementor-element-7a4eab0f elementor-widget elementor-widget-heading\" data-id=\"7a4eab0f\" data-element_type=\"widget\" data-widget_type=\"heading.default\">\n\t\t\t\t<div class=\"elementor-widget-container\">\n\t\t\t\t\t<h2 class=\"elementor-heading-title elementor-size-default\">Special<\/h2>\t\t\t\t<\/div>\n\t\t\t\t<\/div>\n\t\t\t\t<div class=\"elementor-element elementor-element-2d967c31 elementor-widget elementor-widget-heading\" data-id=\"2d967c31\" data-element_type=\"widget\" data-widget_type=\"heading.default\">\n\t\t\t\t<div class=\"elementor-widget-container\">\n\t\t\t\t\t<h2 class=\"elementor-heading-title elementor-size-default\"><a href=\"https:\/\/klezmer.luboskoptak.sk\/en\/mit-libe\/\">Mit Libe  \u2192<\/a><\/h2>\t\t\t\t<\/div>\n\t\t\t\t<\/div>\n\t\t\t\t<\/div>\n\t\t\t\t<\/div>\n\t\t\t\t<div class=\"elementor-element elementor-element-5936c53a elementor-widget elementor-widget-spacer\" data-id=\"5936c53a\" data-element_type=\"widget\" data-widget_type=\"spacer.default\">\n\t\t\t\t<div class=\"elementor-widget-container\">\n\t\t\t\t\t\t\t<div class=\"elementor-spacer\">\n\t\t\t<div class=\"elementor-spacer-inner\"><\/div>\n\t\t<\/div>\n\t\t\t\t\t\t<\/div>\n\t\t\t\t<\/div>\n\t\t\t\t<\/div>\n\t\t\t\t\t<\/div>\n\t\t\t\t<\/div>\n\t\t\t\t<\/div>","protected":false},"excerpt":{"rendered":"<p>SPECIAL SLOVAK KLEZMER ASSOCIATION &amp; REAL MUSIC HOUSE, 2022 V\u00fdberov\u00e9 CD zostaven\u00e9 z najob\u013e\u00fabenej\u0161\u00edch a na koncertoch naj\u017eiadanej\u0161\u00edch piesn\u00ed po\u010das 15-ro\u010dnej hist\u00f3rie skupiny. Album obsahuje okrem nov\u00fdch nahr\u00e1vok klezmerov\u00fdch \u201ehitoviek\u201c aj doteraz nevydan\u00e9 \u017eidovsk\u00e9 \u0161l\u00e1gre a bonusov\u00e9 tracky z \u00faspe\u0161n\u00fdch projektov PKB. pozrie\u0165 videouk\u00e1\u017eku Vypo\u010du\u0165 album K\u00fapi\u0165 album \u2190 Tants Mit Mir Special Mit Libe [&hellip;]<\/p>","protected":false},"author":1,"featured_media":0,"parent":0,"menu_order":0,"comment_status":"closed","ping_status":"closed","template":"elementor_header_footer","meta":{"footnotes":""},"class_list":["post-454","page","type-page","status-publish","hentry"],"blocksy_meta":[],"_links":{"self":[{"href":"https:\/\/klezmer.luboskoptak.sk\/en\/wp-json\/wp\/v2\/pages\/454","targetHints":{"allow":["GET"]}}],"collection":[{"href":"https:\/\/klezmer.luboskoptak.sk\/en\/wp-json\/wp\/v2\/pages"}],"about":[{"href":"https:\/\/klezmer.luboskoptak.sk\/en\/wp-json\/wp\/v2\/types\/page"}],"author":[{"embeddable":true,"href":"https:\/\/klezmer.luboskoptak.sk\/en\/wp-json\/wp\/v2\/users\/1"}],"replies":[{"embeddable":true,"href":"https:\/\/klezmer.luboskoptak.sk\/en\/wp-json\/wp\/v2\/comments?post=454"}],"version-history":[{"count":16,"href":"https:\/\/klezmer.luboskoptak.sk\/en\/wp-json\/wp\/v2\/pages\/454\/revisions"}],"predecessor-version":[{"id":1855,"href":"https:\/\/klezmer.luboskoptak.sk\/en\/wp-json\/wp\/v2\/pages\/454\/revisions\/1855"}],"wp:attachment":[{"href":"https:\/\/klezmer.luboskoptak.sk\/en\/wp-json\/wp\/v2\/media?parent=454"}],"curies":[{"name":"wp","href":"https:\/\/api.w.org\/{rel}","templated":true}]}}