{"id":459,"date":"2025-06-18T17:31:00","date_gmt":"2025-06-18T17:31:00","guid":{"rendered":"https:\/\/klezmer.luboskoptak.sk\/?page_id=459"},"modified":"2025-12-13T16:15:21","modified_gmt":"2025-12-13T16:15:21","slug":"mit-libe","status":"publish","type":"page","link":"https:\/\/klezmer.luboskoptak.sk\/en\/mit-libe\/","title":{"rendered":"Mit Libe"},"content":{"rendered":"<div data-elementor-type=\"wp-page\" data-elementor-id=\"459\" class=\"elementor elementor-459\" data-elementor-post-type=\"page\">\n\t\t\t\t<div class=\"elementor-element elementor-element-2f0b0c95 e-flex e-con-boxed e-con e-parent\" data-id=\"2f0b0c95\" data-element_type=\"container\" data-settings=\"{&quot;background_background&quot;:&quot;classic&quot;}\">\n\t\t\t\t\t<div class=\"e-con-inner\">\n\t\t<div class=\"elementor-element elementor-element-3d5123fe e-con-full e-flex e-con e-child\" data-id=\"3d5123fe\" data-element_type=\"container\">\n\t\t\t\t<div class=\"elementor-element elementor-element-4d4ed7f8 elementor-widget elementor-widget-spacer\" data-id=\"4d4ed7f8\" data-element_type=\"widget\" data-widget_type=\"spacer.default\">\n\t\t\t\t<div class=\"elementor-widget-container\">\n\t\t\t\t\t\t\t<div class=\"elementor-spacer\">\n\t\t\t<div class=\"elementor-spacer-inner\"><\/div>\n\t\t<\/div>\n\t\t\t\t\t\t<\/div>\n\t\t\t\t<\/div>\n\t\t<div class=\"elementor-element elementor-element-eac08f3 e-con-full e-flex e-con e-child\" data-id=\"eac08f3\" data-element_type=\"container\">\n\t\t\t\t<div class=\"elementor-element elementor-element-6b2d27e7 elementor-view-default elementor-widget elementor-widget-icon\" data-id=\"6b2d27e7\" data-element_type=\"widget\" data-widget_type=\"icon.default\">\n\t\t\t\t<div class=\"elementor-widget-container\">\n\t\t\t\t\t\t\t<div class=\"elementor-icon-wrapper\">\n\t\t\t<div class=\"elementor-icon\">\n\t\t\t<svg xmlns=\"http:\/\/www.w3.org\/2000\/svg\" id=\"Layer_1\" viewbox=\"0 0 1366 710\"><path d=\"M1296.95,335.55L867.5,64.85c-15.99-10.09-36.67-10.09-52.66,0l-131.39,82.82-131.39-82.82c-16-10.09-36.67-10.09-52.66,0L69.95,335.55c-6.92,4.37-11.04,11.85-11.04,20.02s4.13,15.65,11.05,20.02l429.45,270.71c8,5.04,17.16,7.57,26.33,7.57s18.33-2.52,26.33-7.57l131.39-82.82,131.39,82.82c8,5.04,17.16,7.57,26.33,7.57s18.33-2.52,26.33-7.57l429.45-270.71c6.92-4.36,11.05-11.85,11.05-20.02s-4.13-15.66-11.05-20.03ZM544.89,634.93c-11.64,7.34-26.68,7.34-38.32,0L77.13,364.23c-2.99-1.89-4.78-5.13-4.78-8.66s1.79-6.77,4.77-8.65L506.58,76.22c5.82-3.67,12.49-5.51,19.16-5.51s13.34,1.84,19.16,5.51l125.96,79.4-285.46,179.94c-6.92,4.37-11.04,11.85-11.04,20.02s4.13,15.65,11.05,20.02l285.45,179.94-125.96,79.4ZM683.45,547.59l-290.88-183.36c-2.99-1.89-4.78-5.13-4.78-8.66s1.79-6.77,4.78-8.65l290.89-183.36,290.88,183.36c2.99,1.89,4.78,5.13,4.78,8.66s-1.79,6.77-4.77,8.65l-290.89,183.36ZM1289.78,364.23l-429.45,270.71c-11.64,7.34-26.68,7.34-38.32,0l-125.95-79.4,285.46-179.94c6.91-4.37,11.04-11.85,11.04-20.02s-4.13-15.65-11.05-20.03l-285.45-179.94,125.95-79.4c5.82-3.67,12.49-5.51,19.16-5.51s13.34,1.83,19.16,5.51l429.45,270.71c2.99,1.89,4.78,5.12,4.78,8.65s-1.79,6.77-4.77,8.65Z\" fill=\"#c1121f\"><\/path><path d=\"M859.55,341.24l-156.12-98.41c-13.89-8.76-31.59-8.76-45.48,0l-156.12,98.41c-4.92,3.11-7.91,8.52-7.91,14.34s2.99,11.23,7.91,14.34l156.12,98.41c13.89,8.76,31.59,8.76,45.48,0l156.12-98.41c4.92-3.11,7.91-8.52,7.91-14.34s-2.99-11.23-7.91-14.34Z\" fill=\"#c1121f\"><\/path><\/svg>\t\t\t<\/div>\n\t\t<\/div>\n\t\t\t\t\t\t<\/div>\n\t\t\t\t<\/div>\n\t\t\t\t<div class=\"elementor-element elementor-element-5f8fafd6 elementor-widget__width-auto elementor-widget-tablet__width-auto elementor-widget elementor-widget-heading\" data-id=\"5f8fafd6\" data-element_type=\"widget\" data-widget_type=\"heading.default\">\n\t\t\t\t<div class=\"elementor-widget-container\">\n\t\t\t\t\t<h2 class=\"elementor-heading-title elementor-size-default\">S L\u00c1SKOU... MIT LIBE<\/h2>\t\t\t\t<\/div>\n\t\t\t\t<\/div>\n\t\t\t\t<\/div>\n\t\t<div class=\"elementor-element elementor-element-61872be9 e-con-full e-flex e-con e-child\" data-id=\"61872be9\" data-element_type=\"container\">\n\t\t<div class=\"elementor-element elementor-element-30db98c3 e-con-full e-flex e-con e-child\" data-id=\"30db98c3\" data-element_type=\"container\">\n\t\t\t\t<div class=\"elementor-element elementor-element-257061b4 elementor-widget__width-initial elementor-widget-tablet__width-initial elementor-widget-laptop__width-initial elementor-widget elementor-widget-image\" data-id=\"257061b4\" data-element_type=\"widget\" data-widget_type=\"image.default\">\n\t\t\t\t<div class=\"elementor-widget-container\">\n\t\t\t\t\t\t\t\t\t\t\t\t\t\t\t<img fetchpriority=\"high\" decoding=\"async\" width=\"630\" height=\"630\" src=\"https:\/\/klezmer.luboskoptak.sk\/wp-content\/uploads\/2025\/06\/2006-PKB-Mit-libe.jpg\" class=\"attachment-large size-large wp-image-498\" alt=\"2006 PKB Mit libe\" srcset=\"https:\/\/klezmer.luboskoptak.sk\/wp-content\/uploads\/2025\/06\/2006-PKB-Mit-libe.jpg 630w, https:\/\/klezmer.luboskoptak.sk\/wp-content\/uploads\/2025\/06\/2006-PKB-Mit-libe-300x300.jpg 300w, https:\/\/klezmer.luboskoptak.sk\/wp-content\/uploads\/2025\/06\/2006-PKB-Mit-libe-150x150.jpg 150w, https:\/\/klezmer.luboskoptak.sk\/wp-content\/uploads\/2025\/06\/2006-PKB-Mit-libe-12x12.jpg 12w\" sizes=\"(max-width: 630px) 100vw, 630px\" \/>\t\t\t\t\t\t\t\t\t\t\t\t\t\t\t<\/div>\n\t\t\t\t<\/div>\n\t\t<div class=\"elementor-element elementor-element-3480941d e-con-full e-flex e-con e-child\" data-id=\"3480941d\" data-element_type=\"container\">\n\t\t\t\t<div class=\"elementor-element elementor-element-549c33d5 elementor-widget__width-initial elementor-widget elementor-widget-text-editor\" data-id=\"549c33d5\" data-element_type=\"widget\" data-widget_type=\"text-editor.default\">\n\t\t\t\t<div class=\"elementor-widget-container\">\n\t\t\t\t\t\t\t\t\t<p>Hevhetia, 2006<\/p>\t\t\t\t\t\t\t\t<\/div>\n\t\t\t\t<\/div>\n\t\t\t\t<div class=\"elementor-element elementor-element-72918cbc elementor-widget__width-initial elementor-widget elementor-widget-text-editor\" data-id=\"72918cbc\" data-element_type=\"widget\" data-widget_type=\"text-editor.default\">\n\t\t\t\t<div class=\"elementor-widget-container\">\n\t\t\t\t\t\t\t\t\t<p><span style=\"font-weight: 400;\">Album prin\u00e1\u0161a \u013eudov\u00e9 i p\u00f4vodn\u00e9 piesne na t\u00e9mu \u201el\u00e1ska\u201c v origin\u00e1lnych aran\u017em\u00e1noch, v ktor\u00fdch sa sn\u00fabia \u017eidovsk\u00e9 a\u0161ken\u00e1zske trad\u00edcie najm\u00e4 s balk\u00e1nskymi mel\u00f3diami a orient\u00e1lnymi in\u0161pir\u00e1ciami \u2013 to v\u0161etko s energickou pr\u00edchu\u0165ou modernej hudby, ur\u010denej do tanca i na po\u010d\u00favanie. Okrem piesn\u00ed v jazyku jidi\u0161 sa na CD nach\u00e1dzaj\u00fa aj chyt\u013eav\u00e9 mel\u00f3die s nov\u00fdmi slovensk\u00fdmi textami od J\u00e1na \u0160trassera, predov\u0161etk\u00fdm bonusov\u00fd remix Jo\u0161ke v spracovan\u00ed skladate\u013ea Slava Solovica.<\/span><\/p>\t\t\t\t\t\t\t\t<\/div>\n\t\t\t\t<\/div>\n\t\t\t\t<div class=\"elementor-element elementor-element-7b1e2740 elementor-widget elementor-widget-spacer\" data-id=\"7b1e2740\" data-element_type=\"widget\" data-widget_type=\"spacer.default\">\n\t\t\t\t<div class=\"elementor-widget-container\">\n\t\t\t\t\t\t\t<div class=\"elementor-spacer\">\n\t\t\t<div class=\"elementor-spacer-inner\"><\/div>\n\t\t<\/div>\n\t\t\t\t\t\t<\/div>\n\t\t\t\t<\/div>\n\t\t\t\t<div class=\"elementor-element elementor-element-46d851d2 elementor-mobile-align-center elementor-widget elementor-widget-button\" data-id=\"46d851d2\" data-element_type=\"widget\" data-widget_type=\"button.default\">\n\t\t\t\t<div class=\"elementor-widget-container\">\n\t\t\t\t\t\t\t\t\t<div class=\"elementor-button-wrapper\">\n\t\t\t\t\t<a class=\"elementor-button elementor-button-link elementor-size-sm\" href=\"https:\/\/www.youtube.com\/embed\/C2dP39XHpZg?si=y_NG_ajAkIsD2S8e\" target=\"_blank\" rel=\"nofollow\">\n\t\t\t\t\t\t<span class=\"elementor-button-content-wrapper\">\n\t\t\t\t\t\t<span class=\"elementor-button-icon\">\n\t\t\t\t<svg aria-hidden=\"true\" class=\"e-font-icon-svg e-fab-youtube-square\" viewbox=\"0 0 448 512\" xmlns=\"http:\/\/www.w3.org\/2000\/svg\"><path d=\"M186.8 202.1l95.2 54.1-95.2 54.1V202.1zM448 80v352c0 26.5-21.5 48-48 48H48c-26.5 0-48-21.5-48-48V80c0-26.5 21.5-48 48-48h352c26.5 0 48 21.5 48 48zm-42 176.3s0-59.6-7.6-88.2c-4.2-15.8-16.5-28.2-32.2-32.4C337.9 128 224 128 224 128s-113.9 0-142.2 7.7c-15.7 4.2-28 16.6-32.2 32.4-7.6 28.5-7.6 88.2-7.6 88.2s0 59.6 7.6 88.2c4.2 15.8 16.5 27.7 32.2 31.9C110.1 384 224 384 224 384s113.9 0 142.2-7.7c15.7-4.2 28-16.1 32.2-31.9 7.6-28.5 7.6-88.1 7.6-88.1z\"><\/path><\/svg>\t\t\t<\/span>\n\t\t\t\t\t\t\t\t\t<span class=\"elementor-button-text\">pozrie\u0165 videouk\u00e1\u017eku<\/span>\n\t\t\t\t\t<\/span>\n\t\t\t\t\t<\/a>\n\t\t\t\t<\/div>\n\t\t\t\t\t\t\t\t<\/div>\n\t\t\t\t<\/div>\n\t\t\t\t<div class=\"elementor-element elementor-element-6d3c7db0 elementor-widget elementor-widget-spacer\" data-id=\"6d3c7db0\" data-element_type=\"widget\" data-widget_type=\"spacer.default\">\n\t\t\t\t<div class=\"elementor-widget-container\">\n\t\t\t\t\t\t\t<div class=\"elementor-spacer\">\n\t\t\t<div class=\"elementor-spacer-inner\"><\/div>\n\t\t<\/div>\n\t\t\t\t\t\t<\/div>\n\t\t\t\t<\/div>\n\t\t<div class=\"elementor-element elementor-element-1bb38f8d e-con-full e-flex e-con e-child\" data-id=\"1bb38f8d\" data-element_type=\"container\">\n\t\t\t\t<div class=\"elementor-element elementor-element-665a5267 elementor-widget elementor-widget-button\" data-id=\"665a5267\" data-element_type=\"widget\" data-widget_type=\"button.default\">\n\t\t\t\t<div class=\"elementor-widget-container\">\n\t\t\t\t\t\t\t\t\t<div class=\"elementor-button-wrapper\">\n\t\t\t\t\t<a class=\"elementor-button elementor-button-link elementor-size-sm\" href=\"https:\/\/open.spotify.com\/album\/7rGpvXxdhpj2MDwEAPli34\" target=\"_blank\" rel=\"nofollow\">\n\t\t\t\t\t\t<span class=\"elementor-button-content-wrapper\">\n\t\t\t\t\t\t\t\t\t<span class=\"elementor-button-text\">Vypo\u010du\u0165 album<\/span>\n\t\t\t\t\t<\/span>\n\t\t\t\t\t<\/a>\n\t\t\t\t<\/div>\n\t\t\t\t\t\t\t\t<\/div>\n\t\t\t\t<\/div>\n\t\t\t\t<div class=\"elementor-element elementor-element-4cf5c03c elementor-widget elementor-widget-button\" data-id=\"4cf5c03c\" data-element_type=\"widget\" data-widget_type=\"button.default\">\n\t\t\t\t<div class=\"elementor-widget-container\">\n\t\t\t\t\t\t\t\t\t<div class=\"elementor-button-wrapper\">\n\t\t\t\t\t<a class=\"elementor-button elementor-button-link elementor-size-sm\" href=\"https:\/\/www.spinaker.sk\/pressburger-klezmer-band-s-laskoumit-libe\" target=\"_blank\" rel=\"nofollow\">\n\t\t\t\t\t\t<span class=\"elementor-button-content-wrapper\">\n\t\t\t\t\t\t\t\t\t<span class=\"elementor-button-text\">K\u00fapi\u0165 album<\/span>\n\t\t\t\t\t<\/span>\n\t\t\t\t\t<\/a>\n\t\t\t\t<\/div>\n\t\t\t\t\t\t\t\t<\/div>\n\t\t\t\t<\/div>\n\t\t\t\t<\/div>\n\t\t\t\t<\/div>\n\t\t\t\t<\/div>\n\t\t\t\t<\/div>\n\t\t<div class=\"elementor-element elementor-element-40100019 e-con-full e-flex e-con e-child\" data-id=\"40100019\" data-element_type=\"container\">\n\t\t<div class=\"elementor-element elementor-element-7bfc4c5c e-con-full e-flex e-con e-child\" data-id=\"7bfc4c5c\" data-element_type=\"container\">\n\t\t\t\t<div class=\"elementor-element elementor-element-7d180289 elementor-widget elementor-widget-heading\" data-id=\"7d180289\" data-element_type=\"widget\" data-widget_type=\"heading.default\">\n\t\t\t\t<div class=\"elementor-widget-container\">\n\t\t\t\t\t<h2 class=\"elementor-heading-title elementor-size-default\"><a href=\"https:\/\/klezmer.luboskoptak.sk\/en\/presburger-special\/\">\u2190   Special<\/a><\/h2>\t\t\t\t<\/div>\n\t\t\t\t<\/div>\n\t\t\t\t<div class=\"elementor-element elementor-element-628c901c elementor-widget elementor-widget-heading\" data-id=\"628c901c\" data-element_type=\"widget\" data-widget_type=\"heading.default\">\n\t\t\t\t<div class=\"elementor-widget-container\">\n\t\t\t\t\t<h2 class=\"elementor-heading-title elementor-size-default\">S L\u00e1skou... Mit Libe<\/h2>\t\t\t\t<\/div>\n\t\t\t\t<\/div>\n\t\t\t\t<div class=\"elementor-element elementor-element-44151dff elementor-widget elementor-widget-heading\" data-id=\"44151dff\" data-element_type=\"widget\" data-widget_type=\"heading.default\">\n\t\t\t\t<div class=\"elementor-widget-container\">\n\t\t\t\t\t<h2 class=\"elementor-heading-title elementor-size-default\"><a href=\"https:\/\/klezmer.luboskoptak.sk\/en\/ot-azoy\/\">Ot Azoy!   \u2192<\/a><\/h2>\t\t\t\t<\/div>\n\t\t\t\t<\/div>\n\t\t\t\t<\/div>\n\t\t\t\t<\/div>\n\t\t\t\t<div class=\"elementor-element elementor-element-2c59ccd6 elementor-widget elementor-widget-spacer\" data-id=\"2c59ccd6\" data-element_type=\"widget\" data-widget_type=\"spacer.default\">\n\t\t\t\t<div class=\"elementor-widget-container\">\n\t\t\t\t\t\t\t<div class=\"elementor-spacer\">\n\t\t\t<div class=\"elementor-spacer-inner\"><\/div>\n\t\t<\/div>\n\t\t\t\t\t\t<\/div>\n\t\t\t\t<\/div>\n\t\t\t\t<\/div>\n\t\t\t\t\t<\/div>\n\t\t\t\t<\/div>\n\t\t\t\t<\/div>","protected":false},"excerpt":{"rendered":"<p>S L\u00c1SKOU&#8230; MIT LIBE Hevhetia, 2006 Album prin\u00e1\u0161a \u013eudov\u00e9 i p\u00f4vodn\u00e9 piesne na t\u00e9mu \u201el\u00e1ska\u201c v origin\u00e1lnych aran\u017em\u00e1noch, v ktor\u00fdch sa sn\u00fabia \u017eidovsk\u00e9 a\u0161ken\u00e1zske trad\u00edcie najm\u00e4 s balk\u00e1nskymi mel\u00f3diami a orient\u00e1lnymi in\u0161pir\u00e1ciami \u2013 to v\u0161etko s energickou pr\u00edchu\u0165ou modernej hudby, ur\u010denej do tanca i na po\u010d\u00favanie. Okrem piesn\u00ed v jazyku jidi\u0161 sa na CD nach\u00e1dzaj\u00fa [&hellip;]<\/p>","protected":false},"author":1,"featured_media":0,"parent":0,"menu_order":0,"comment_status":"closed","ping_status":"closed","template":"elementor_header_footer","meta":{"footnotes":""},"class_list":["post-459","page","type-page","status-publish","hentry"],"blocksy_meta":[],"_links":{"self":[{"href":"https:\/\/klezmer.luboskoptak.sk\/en\/wp-json\/wp\/v2\/pages\/459","targetHints":{"allow":["GET"]}}],"collection":[{"href":"https:\/\/klezmer.luboskoptak.sk\/en\/wp-json\/wp\/v2\/pages"}],"about":[{"href":"https:\/\/klezmer.luboskoptak.sk\/en\/wp-json\/wp\/v2\/types\/page"}],"author":[{"embeddable":true,"href":"https:\/\/klezmer.luboskoptak.sk\/en\/wp-json\/wp\/v2\/users\/1"}],"replies":[{"embeddable":true,"href":"https:\/\/klezmer.luboskoptak.sk\/en\/wp-json\/wp\/v2\/comments?post=459"}],"version-history":[{"count":19,"href":"https:\/\/klezmer.luboskoptak.sk\/en\/wp-json\/wp\/v2\/pages\/459\/revisions"}],"predecessor-version":[{"id":1870,"href":"https:\/\/klezmer.luboskoptak.sk\/en\/wp-json\/wp\/v2\/pages\/459\/revisions\/1870"}],"wp:attachment":[{"href":"https:\/\/klezmer.luboskoptak.sk\/en\/wp-json\/wp\/v2\/media?parent=459"}],"curies":[{"name":"wp","href":"https:\/\/api.w.org\/{rel}","templated":true}]}}