{"id":470,"date":"2025-06-18T17:33:25","date_gmt":"2025-06-18T17:33:25","guid":{"rendered":"https:\/\/klezmer.luboskoptak.sk\/?page_id=470"},"modified":"2025-12-14T16:38:49","modified_gmt":"2025-12-14T16:38:49","slug":"ot-azoy","status":"publish","type":"page","link":"https:\/\/klezmer.luboskoptak.sk\/en\/ot-azoy\/","title":{"rendered":"Ot Azoy!"},"content":{"rendered":"<div data-elementor-type=\"wp-page\" data-elementor-id=\"470\" class=\"elementor elementor-470\" data-elementor-post-type=\"page\">\n\t\t\t\t<div class=\"elementor-element elementor-element-4c46ec11 e-flex e-con-boxed e-con e-parent\" data-id=\"4c46ec11\" data-element_type=\"container\" data-settings=\"{&quot;background_background&quot;:&quot;classic&quot;}\">\n\t\t\t\t\t<div class=\"e-con-inner\">\n\t\t<div class=\"elementor-element elementor-element-2c341cea e-con-full e-flex e-con e-child\" data-id=\"2c341cea\" data-element_type=\"container\">\n\t\t\t\t<div class=\"elementor-element elementor-element-4b7e1837 elementor-widget elementor-widget-spacer\" data-id=\"4b7e1837\" data-element_type=\"widget\" data-widget_type=\"spacer.default\">\n\t\t\t\t<div class=\"elementor-widget-container\">\n\t\t\t\t\t\t\t<div class=\"elementor-spacer\">\n\t\t\t<div class=\"elementor-spacer-inner\"><\/div>\n\t\t<\/div>\n\t\t\t\t\t\t<\/div>\n\t\t\t\t<\/div>\n\t\t<div class=\"elementor-element elementor-element-235dbe50 e-con-full e-flex e-con e-child\" data-id=\"235dbe50\" data-element_type=\"container\">\n\t\t\t\t<div class=\"elementor-element elementor-element-bfa08a0 elementor-view-default elementor-widget elementor-widget-icon\" data-id=\"bfa08a0\" data-element_type=\"widget\" data-widget_type=\"icon.default\">\n\t\t\t\t<div class=\"elementor-widget-container\">\n\t\t\t\t\t\t\t<div class=\"elementor-icon-wrapper\">\n\t\t\t<div class=\"elementor-icon\">\n\t\t\t<svg xmlns=\"http:\/\/www.w3.org\/2000\/svg\" id=\"Layer_1\" viewbox=\"0 0 1366 710\"><path d=\"M1296.95,335.55L867.5,64.85c-15.99-10.09-36.67-10.09-52.66,0l-131.39,82.82-131.39-82.82c-16-10.09-36.67-10.09-52.66,0L69.95,335.55c-6.92,4.37-11.04,11.85-11.04,20.02s4.13,15.65,11.05,20.02l429.45,270.71c8,5.04,17.16,7.57,26.33,7.57s18.33-2.52,26.33-7.57l131.39-82.82,131.39,82.82c8,5.04,17.16,7.57,26.33,7.57s18.33-2.52,26.33-7.57l429.45-270.71c6.92-4.36,11.05-11.85,11.05-20.02s-4.13-15.66-11.05-20.03ZM544.89,634.93c-11.64,7.34-26.68,7.34-38.32,0L77.13,364.23c-2.99-1.89-4.78-5.13-4.78-8.66s1.79-6.77,4.77-8.65L506.58,76.22c5.82-3.67,12.49-5.51,19.16-5.51s13.34,1.84,19.16,5.51l125.96,79.4-285.46,179.94c-6.92,4.37-11.04,11.85-11.04,20.02s4.13,15.65,11.05,20.02l285.45,179.94-125.96,79.4ZM683.45,547.59l-290.88-183.36c-2.99-1.89-4.78-5.13-4.78-8.66s1.79-6.77,4.78-8.65l290.89-183.36,290.88,183.36c2.99,1.89,4.78,5.13,4.78,8.66s-1.79,6.77-4.77,8.65l-290.89,183.36ZM1289.78,364.23l-429.45,270.71c-11.64,7.34-26.68,7.34-38.32,0l-125.95-79.4,285.46-179.94c6.91-4.37,11.04-11.85,11.04-20.02s-4.13-15.65-11.05-20.03l-285.45-179.94,125.95-79.4c5.82-3.67,12.49-5.51,19.16-5.51s13.34,1.83,19.16,5.51l429.45,270.71c2.99,1.89,4.78,5.12,4.78,8.65s-1.79,6.77-4.77,8.65Z\" fill=\"#c1121f\"><\/path><path d=\"M859.55,341.24l-156.12-98.41c-13.89-8.76-31.59-8.76-45.48,0l-156.12,98.41c-4.92,3.11-7.91,8.52-7.91,14.34s2.99,11.23,7.91,14.34l156.12,98.41c13.89,8.76,31.59,8.76,45.48,0l156.12-98.41c4.92-3.11,7.91-8.52,7.91-14.34s-2.99-11.23-7.91-14.34Z\" fill=\"#c1121f\"><\/path><\/svg>\t\t\t<\/div>\n\t\t<\/div>\n\t\t\t\t\t\t<\/div>\n\t\t\t\t<\/div>\n\t\t\t\t<div class=\"elementor-element elementor-element-7a2d0407 elementor-widget__width-auto elementor-widget-tablet__width-auto elementor-widget elementor-widget-heading\" data-id=\"7a2d0407\" data-element_type=\"widget\" data-widget_type=\"heading.default\">\n\t\t\t\t<div class=\"elementor-widget-container\">\n\t\t\t\t\t<h2 class=\"elementor-heading-title elementor-size-default\">OT AZOY!<\/h2>\t\t\t\t<\/div>\n\t\t\t\t<\/div>\n\t\t\t\t<\/div>\n\t\t<div class=\"elementor-element elementor-element-465f50d2 e-con-full e-flex e-con e-child\" data-id=\"465f50d2\" data-element_type=\"container\">\n\t\t<div class=\"elementor-element elementor-element-603853be e-con-full e-flex e-con e-child\" data-id=\"603853be\" data-element_type=\"container\">\n\t\t\t\t<div class=\"elementor-element elementor-element-36de0f5e elementor-widget__width-initial elementor-widget-tablet__width-initial elementor-widget-laptop__width-initial elementor-widget elementor-widget-image\" data-id=\"36de0f5e\" data-element_type=\"widget\" data-widget_type=\"image.default\">\n\t\t\t\t<div class=\"elementor-widget-container\">\n\t\t\t\t\t\t\t\t\t\t\t\t\t\t\t<img fetchpriority=\"high\" decoding=\"async\" width=\"630\" height=\"630\" src=\"https:\/\/klezmer.luboskoptak.sk\/wp-content\/uploads\/2025\/06\/2004-PKB-Ot-azoy.jpg\" class=\"attachment-large size-large wp-image-499\" alt=\"2004 PKB Ot azoy\" srcset=\"https:\/\/klezmer.luboskoptak.sk\/wp-content\/uploads\/2025\/06\/2004-PKB-Ot-azoy.jpg 630w, https:\/\/klezmer.luboskoptak.sk\/wp-content\/uploads\/2025\/06\/2004-PKB-Ot-azoy-300x300.jpg 300w, https:\/\/klezmer.luboskoptak.sk\/wp-content\/uploads\/2025\/06\/2004-PKB-Ot-azoy-150x150.jpg 150w, https:\/\/klezmer.luboskoptak.sk\/wp-content\/uploads\/2025\/06\/2004-PKB-Ot-azoy-12x12.jpg 12w\" sizes=\"(max-width: 630px) 100vw, 630px\" \/>\t\t\t\t\t\t\t\t\t\t\t\t\t\t\t<\/div>\n\t\t\t\t<\/div>\n\t\t<div class=\"elementor-element elementor-element-2bf33cae e-con-full e-flex e-con e-child\" data-id=\"2bf33cae\" data-element_type=\"container\">\n\t\t\t\t<div class=\"elementor-element elementor-element-2f2c9bfd elementor-widget__width-initial elementor-widget elementor-widget-text-editor\" data-id=\"2f2c9bfd\" data-element_type=\"widget\" data-widget_type=\"text-editor.default\">\n\t\t\t\t<div class=\"elementor-widget-container\">\n\t\t\t\t\t\t\t\t\t<p>Millenium Records, 2004<\/p>\t\t\t\t\t\t\t\t<\/div>\n\t\t\t\t<\/div>\n\t\t\t\t<div class=\"elementor-element elementor-element-372e02a6 elementor-widget__width-initial elementor-widget elementor-widget-text-editor\" data-id=\"372e02a6\" data-element_type=\"widget\" data-widget_type=\"text-editor.default\">\n\t\t\t\t<div class=\"elementor-widget-container\">\n\t\t\t\t\t\t\t\t\t<p><span style=\"font-weight: 400;\">Na rozdiel od debutov\u00e9ho albumu [LAJV] je tento orientovan\u00fd viac na mnohorakos\u0165 f\u00fazi\u00ed s\u00fa\u010dasn\u00fdch etno-\u0161t\u00fdlov, album v\u0161ak nestr\u00e1ca na tane\u010dnosti a \u017eivej dynamickosti. Chyt\u013eav\u00e1 melodika piesn\u00ed s textami v jazyku jidi\u0161 pribli\u017euje klezmer \u0161irok\u00e9mu okruhu posluch\u00e1\u010dov, a to aj slovenskou verziou zn\u00e1mej piesne Tumbalalajka, ktorej text nap\u00edsal \u013dubom\u00edr Feldek. Nahr\u00e1vania sa z\u00fa\u010dastnili aj renomovan\u00ed hudobn\u00edci z etno-sc\u00e9ny: Flaco de Nerja, Martin Lopez a \u010fal\u0161\u00ed.<\/span><\/p>\t\t\t\t\t\t\t\t<\/div>\n\t\t\t\t<\/div>\n\t\t\t\t<div class=\"elementor-element elementor-element-5fc01552 elementor-widget elementor-widget-spacer\" data-id=\"5fc01552\" data-element_type=\"widget\" data-widget_type=\"spacer.default\">\n\t\t\t\t<div class=\"elementor-widget-container\">\n\t\t\t\t\t\t\t<div class=\"elementor-spacer\">\n\t\t\t<div class=\"elementor-spacer-inner\"><\/div>\n\t\t<\/div>\n\t\t\t\t\t\t<\/div>\n\t\t\t\t<\/div>\n\t\t<div class=\"elementor-element elementor-element-5013c032 e-con-full e-flex e-con e-child\" data-id=\"5013c032\" data-element_type=\"container\">\n\t\t\t\t<div class=\"elementor-element elementor-element-39d2df75 elementor-widget elementor-widget-button\" data-id=\"39d2df75\" data-element_type=\"widget\" data-widget_type=\"button.default\">\n\t\t\t\t<div class=\"elementor-widget-container\">\n\t\t\t\t\t\t\t\t\t<div class=\"elementor-button-wrapper\">\n\t\t\t\t\t<a class=\"elementor-button elementor-button-link elementor-size-sm\" href=\"https:\/\/open.spotify.com\/album\/47zh5UaJgkGp18kroQ7fLg\" target=\"_blank\" rel=\"nofollow\">\n\t\t\t\t\t\t<span class=\"elementor-button-content-wrapper\">\n\t\t\t\t\t\t\t\t\t<span class=\"elementor-button-text\">Vypo\u010du\u0165 album<\/span>\n\t\t\t\t\t<\/span>\n\t\t\t\t\t<\/a>\n\t\t\t\t<\/div>\n\t\t\t\t\t\t\t\t<\/div>\n\t\t\t\t<\/div>\n\t\t\t\t<div class=\"elementor-element elementor-element-6e9351d4 elementor-widget elementor-widget-button\" data-id=\"6e9351d4\" data-element_type=\"widget\" data-widget_type=\"button.default\">\n\t\t\t\t<div class=\"elementor-widget-container\">\n\t\t\t\t\t\t\t\t\t<div class=\"elementor-button-wrapper\">\n\t\t\t\t\t<a class=\"elementor-button elementor-button-link elementor-size-sm\" href=\"https:\/\/www.spinaker.sk\/pressburger-klezmer-band-ot-azoy\" target=\"_blank\" rel=\"nofollow\">\n\t\t\t\t\t\t<span class=\"elementor-button-content-wrapper\">\n\t\t\t\t\t\t\t\t\t<span class=\"elementor-button-text\">K\u00fapi\u0165 album<\/span>\n\t\t\t\t\t<\/span>\n\t\t\t\t\t<\/a>\n\t\t\t\t<\/div>\n\t\t\t\t\t\t\t\t<\/div>\n\t\t\t\t<\/div>\n\t\t\t\t<\/div>\n\t\t\t\t<\/div>\n\t\t\t\t<\/div>\n\t\t\t\t<\/div>\n\t\t<div class=\"elementor-element elementor-element-6bf55092 e-con-full e-flex e-con e-child\" data-id=\"6bf55092\" data-element_type=\"container\">\n\t\t<div class=\"elementor-element elementor-element-3821670e e-con-full e-flex e-con e-child\" data-id=\"3821670e\" data-element_type=\"container\">\n\t\t\t\t<div class=\"elementor-element elementor-element-1e3b4123 elementor-widget elementor-widget-heading\" data-id=\"1e3b4123\" data-element_type=\"widget\" data-widget_type=\"heading.default\">\n\t\t\t\t<div class=\"elementor-widget-container\">\n\t\t\t\t\t<h2 class=\"elementor-heading-title elementor-size-default\"><a href=\"https:\/\/klezmer.luboskoptak.sk\/en\/mit-libe\/\">\u2190   Mit Libe<\/a><\/h2>\t\t\t\t<\/div>\n\t\t\t\t<\/div>\n\t\t\t\t<div class=\"elementor-element elementor-element-e163112 elementor-widget elementor-widget-heading\" data-id=\"e163112\" data-element_type=\"widget\" data-widget_type=\"heading.default\">\n\t\t\t\t<div class=\"elementor-widget-container\">\n\t\t\t\t\t<h2 class=\"elementor-heading-title elementor-size-default\">Ot Azoy!<\/h2>\t\t\t\t<\/div>\n\t\t\t\t<\/div>\n\t\t\t\t<div class=\"elementor-element elementor-element-2bc261a2 elementor-widget elementor-widget-heading\" data-id=\"2bc261a2\" data-element_type=\"widget\" data-widget_type=\"heading.default\">\n\t\t\t\t<div class=\"elementor-widget-container\">\n\t\t\t\t\t<h2 class=\"elementor-heading-title elementor-size-default\"><a href=\"https:\/\/klezmer.luboskoptak.sk\/en\/shalom\/\">Shalom \u2013 Andr\u00e9 Ochodlo &amp; PKB   \u2192<\/a><\/h2>\t\t\t\t<\/div>\n\t\t\t\t<\/div>\n\t\t\t\t<\/div>\n\t\t\t\t<\/div>\n\t\t\t\t<div class=\"elementor-element elementor-element-6e911952 elementor-widget elementor-widget-spacer\" data-id=\"6e911952\" data-element_type=\"widget\" data-widget_type=\"spacer.default\">\n\t\t\t\t<div class=\"elementor-widget-container\">\n\t\t\t\t\t\t\t<div class=\"elementor-spacer\">\n\t\t\t<div class=\"elementor-spacer-inner\"><\/div>\n\t\t<\/div>\n\t\t\t\t\t\t<\/div>\n\t\t\t\t<\/div>\n\t\t\t\t<\/div>\n\t\t\t\t\t<\/div>\n\t\t\t\t<\/div>\n\t\t\t\t<\/div>","protected":false},"excerpt":{"rendered":"<p>OT AZOY! Millenium Records, 2004 Na rozdiel od debutov\u00e9ho albumu [LAJV] je tento orientovan\u00fd viac na mnohorakos\u0165 f\u00fazi\u00ed s\u00fa\u010dasn\u00fdch etno-\u0161t\u00fdlov, album v\u0161ak nestr\u00e1ca na tane\u010dnosti a \u017eivej dynamickosti. Chyt\u013eav\u00e1 melodika piesn\u00ed s textami v jazyku jidi\u0161 pribli\u017euje klezmer \u0161irok\u00e9mu okruhu posluch\u00e1\u010dov, a to aj slovenskou verziou zn\u00e1mej piesne Tumbalalajka, ktorej text nap\u00edsal \u013dubom\u00edr Feldek. Nahr\u00e1vania [&hellip;]<\/p>","protected":false},"author":1,"featured_media":0,"parent":0,"menu_order":0,"comment_status":"closed","ping_status":"closed","template":"elementor_header_footer","meta":{"footnotes":""},"class_list":["post-470","page","type-page","status-publish","hentry"],"blocksy_meta":[],"_links":{"self":[{"href":"https:\/\/klezmer.luboskoptak.sk\/en\/wp-json\/wp\/v2\/pages\/470","targetHints":{"allow":["GET"]}}],"collection":[{"href":"https:\/\/klezmer.luboskoptak.sk\/en\/wp-json\/wp\/v2\/pages"}],"about":[{"href":"https:\/\/klezmer.luboskoptak.sk\/en\/wp-json\/wp\/v2\/types\/page"}],"author":[{"embeddable":true,"href":"https:\/\/klezmer.luboskoptak.sk\/en\/wp-json\/wp\/v2\/users\/1"}],"replies":[{"embeddable":true,"href":"https:\/\/klezmer.luboskoptak.sk\/en\/wp-json\/wp\/v2\/comments?post=470"}],"version-history":[{"count":13,"href":"https:\/\/klezmer.luboskoptak.sk\/en\/wp-json\/wp\/v2\/pages\/470\/revisions"}],"predecessor-version":[{"id":1916,"href":"https:\/\/klezmer.luboskoptak.sk\/en\/wp-json\/wp\/v2\/pages\/470\/revisions\/1916"}],"wp:attachment":[{"href":"https:\/\/klezmer.luboskoptak.sk\/en\/wp-json\/wp\/v2\/media?parent=470"}],"curies":[{"name":"wp","href":"https:\/\/api.w.org\/{rel}","templated":true}]}}