{"id":6,"date":"2025-06-16T08:33:37","date_gmt":"2025-06-16T08:33:37","guid":{"rendered":"https:\/\/klezmer.luboskoptak.sk\/?page_id=6"},"modified":"2026-01-13T06:28:03","modified_gmt":"2026-01-13T06:28:03","slug":"booking","status":"publish","type":"page","link":"https:\/\/klezmer.luboskoptak.sk\/en\/booking\/","title":{"rendered":"Kontakt"},"content":{"rendered":"<div data-elementor-type=\"wp-page\" data-elementor-id=\"6\" class=\"elementor elementor-6\" data-elementor-post-type=\"page\">\n\t\t\t\t<div class=\"elementor-element elementor-element-5dd54821 e-flex e-con-boxed e-con e-parent\" data-id=\"5dd54821\" data-element_type=\"container\" data-settings=\"{&quot;background_background&quot;:&quot;classic&quot;}\">\n\t\t\t\t\t<div class=\"e-con-inner\">\n\t\t<div class=\"elementor-element elementor-element-171e7e22 e-con-full e-flex e-con e-child\" data-id=\"171e7e22\" data-element_type=\"container\">\n\t\t\t\t<div class=\"elementor-element elementor-element-6c393129 elementor-widget elementor-widget-spacer\" data-id=\"6c393129\" data-element_type=\"widget\" data-widget_type=\"spacer.default\">\n\t\t\t\t<div class=\"elementor-widget-container\">\n\t\t\t\t\t\t\t<div class=\"elementor-spacer\">\n\t\t\t<div class=\"elementor-spacer-inner\"><\/div>\n\t\t<\/div>\n\t\t\t\t\t\t<\/div>\n\t\t\t\t<\/div>\n\t\t<div class=\"elementor-element elementor-element-304f1f29 e-con-full e-flex e-con e-child\" data-id=\"304f1f29\" data-element_type=\"container\">\n\t\t\t\t<div class=\"elementor-element elementor-element-3998b990 elementor-view-default elementor-widget elementor-widget-icon\" data-id=\"3998b990\" data-element_type=\"widget\" data-widget_type=\"icon.default\">\n\t\t\t\t<div class=\"elementor-widget-container\">\n\t\t\t\t\t\t\t<div class=\"elementor-icon-wrapper\">\n\t\t\t<div class=\"elementor-icon\">\n\t\t\t<svg xmlns=\"http:\/\/www.w3.org\/2000\/svg\" id=\"Layer_1\" viewbox=\"0 0 1366 710\"><path d=\"M1296.95,335.55L867.5,64.85c-15.99-10.09-36.67-10.09-52.66,0l-131.39,82.82-131.39-82.82c-16-10.09-36.67-10.09-52.66,0L69.95,335.55c-6.92,4.37-11.04,11.85-11.04,20.02s4.13,15.65,11.05,20.02l429.45,270.71c8,5.04,17.16,7.57,26.33,7.57s18.33-2.52,26.33-7.57l131.39-82.82,131.39,82.82c8,5.04,17.16,7.57,26.33,7.57s18.33-2.52,26.33-7.57l429.45-270.71c6.92-4.36,11.05-11.85,11.05-20.02s-4.13-15.66-11.05-20.03ZM544.89,634.93c-11.64,7.34-26.68,7.34-38.32,0L77.13,364.23c-2.99-1.89-4.78-5.13-4.78-8.66s1.79-6.77,4.77-8.65L506.58,76.22c5.82-3.67,12.49-5.51,19.16-5.51s13.34,1.84,19.16,5.51l125.96,79.4-285.46,179.94c-6.92,4.37-11.04,11.85-11.04,20.02s4.13,15.65,11.05,20.02l285.45,179.94-125.96,79.4ZM683.45,547.59l-290.88-183.36c-2.99-1.89-4.78-5.13-4.78-8.66s1.79-6.77,4.78-8.65l290.89-183.36,290.88,183.36c2.99,1.89,4.78,5.13,4.78,8.66s-1.79,6.77-4.77,8.65l-290.89,183.36ZM1289.78,364.23l-429.45,270.71c-11.64,7.34-26.68,7.34-38.32,0l-125.95-79.4,285.46-179.94c6.91-4.37,11.04-11.85,11.04-20.02s-4.13-15.65-11.05-20.03l-285.45-179.94,125.95-79.4c5.82-3.67,12.49-5.51,19.16-5.51s13.34,1.83,19.16,5.51l429.45,270.71c2.99,1.89,4.78,5.12,4.78,8.65s-1.79,6.77-4.77,8.65Z\" fill=\"#c1121f\"><\/path><path d=\"M859.55,341.24l-156.12-98.41c-13.89-8.76-31.59-8.76-45.48,0l-156.12,98.41c-4.92,3.11-7.91,8.52-7.91,14.34s2.99,11.23,7.91,14.34l156.12,98.41c13.89,8.76,31.59,8.76,45.48,0l156.12-98.41c4.92-3.11,7.91-8.52,7.91-14.34s-2.99-11.23-7.91-14.34Z\" fill=\"#c1121f\"><\/path><\/svg>\t\t\t<\/div>\n\t\t<\/div>\n\t\t\t\t\t\t<\/div>\n\t\t\t\t<\/div>\n\t\t\t\t<div class=\"elementor-element elementor-element-7232d8d0 elementor-widget__width-initial elementor-widget-tablet__width-initial elementor-widget elementor-widget-heading\" data-id=\"7232d8d0\" data-element_type=\"widget\" data-widget_type=\"heading.default\">\n\t\t\t\t<div class=\"elementor-widget-container\">\n\t\t\t\t\t<h2 class=\"elementor-heading-title elementor-size-default\">Kontakt<\/h2>\t\t\t\t<\/div>\n\t\t\t\t<\/div>\n\t\t\t\t<\/div>\n\t\t<div class=\"elementor-element elementor-element-253be330 e-con-full e-flex e-con e-child\" data-id=\"253be330\" data-element_type=\"container\" data-settings=\"{&quot;background_background&quot;:&quot;classic&quot;}\">\n\t\t<div class=\"elementor-element elementor-element-268093f9 e-con-full e-flex e-con e-child\" data-id=\"268093f9\" data-element_type=\"container\">\n\t\t\t\t<div class=\"elementor-element elementor-element-d1d9c3f elementor-widget__width-initial elementor-widget elementor-widget-text-editor\" data-id=\"d1d9c3f\" data-element_type=\"widget\" data-widget_type=\"text-editor.default\">\n\t\t\t\t<div class=\"elementor-widget-container\">\n\t\t\t\t\t\t\t\t\t<p><span style=\"color: #ffffff;\"><a style=\"color: #ffffff;\" href=\"mailto:manager@klezmer.sk\">manager@klezmer.sk<\/a><\/span><\/p>\t\t\t\t\t\t\t\t<\/div>\n\t\t\t\t<\/div>\n\t\t\t\t<div class=\"elementor-element elementor-element-7b7a0893 elementor-widget__width-initial elementor-widget elementor-widget-text-editor\" data-id=\"7b7a0893\" data-element_type=\"widget\" data-widget_type=\"text-editor.default\">\n\t\t\t\t<div class=\"elementor-widget-container\">\n\t\t\t\t\t\t\t\t\t<p><span style=\"color: #ffffff;\"><a style=\"color: #ffffff;\" href=\"tel:+421903246862\">+421 910 939 775<\/a><\/span><\/p>\t\t\t\t\t\t\t\t<\/div>\n\t\t\t\t<\/div>\n\t\t\t\t<\/div>\n\t\t\t\t<\/div>\n\t\t\t\t<\/div>\n\t\t\t\t\t<\/div>\n\t\t\t\t<\/div>\n\t\t<div class=\"elementor-element elementor-element-54a920ee e-flex e-con-boxed e-con e-parent\" data-id=\"54a920ee\" data-element_type=\"container\" data-settings=\"{&quot;background_background&quot;:&quot;classic&quot;}\">\n\t\t\t\t\t<div class=\"e-con-inner\">\n\t\t<div class=\"elementor-element elementor-element-79818e49 e-con-full e-flex e-con e-child\" data-id=\"79818e49\" data-element_type=\"container\" id=\"podporte_nas\">\n\t\t\t\t<div class=\"elementor-element elementor-element-50a1c3c6 elementor-widget elementor-widget-spacer\" data-id=\"50a1c3c6\" data-element_type=\"widget\" data-widget_type=\"spacer.default\">\n\t\t\t\t<div class=\"elementor-widget-container\">\n\t\t\t\t\t\t\t<div class=\"elementor-spacer\">\n\t\t\t<div class=\"elementor-spacer-inner\"><\/div>\n\t\t<\/div>\n\t\t\t\t\t\t<\/div>\n\t\t\t\t<\/div>\n\t\t<div class=\"elementor-element elementor-element-6d40f47e e-con-full e-flex e-con e-child\" data-id=\"6d40f47e\" data-element_type=\"container\">\n\t\t\t\t<div class=\"elementor-element elementor-element-1503d61e elementor-widget__width-auto elementor-widget-tablet__width-auto elementor-widget elementor-widget-heading\" data-id=\"1503d61e\" data-element_type=\"widget\" data-widget_type=\"heading.default\">\n\t\t\t\t<div class=\"elementor-widget-container\">\n\t\t\t\t\t<h2 class=\"elementor-heading-title elementor-size-default\">Podporte n\u00e1s<\/h2>\t\t\t\t<\/div>\n\t\t\t\t<\/div>\n\t\t\t\t<\/div>\n\t\t<div class=\"elementor-element elementor-element-b0b44e2 e-con-full e-flex e-con e-child\" data-id=\"b0b44e2\" data-element_type=\"container\">\n\t\t<div class=\"elementor-element elementor-element-d9337a2 e-con-full e-flex e-con e-child\" data-id=\"d9337a2\" data-element_type=\"container\">\n\t\t\t\t<div class=\"elementor-element elementor-element-e60e1a6 elementor-widget__width-initial elementor-widget elementor-widget-text-editor\" data-id=\"e60e1a6\" data-element_type=\"widget\" data-widget_type=\"text-editor.default\">\n\t\t\t\t<div class=\"elementor-widget-container\">\n\t\t\t\t\t\t\t\t\t<p>V\u010faka va\u0161im pr\u00edspevkom<\/p>\t\t\t\t\t\t\t\t<\/div>\n\t\t\t\t<\/div>\n\t\t\t\t<div class=\"elementor-element elementor-element-17ef323 elementor-widget__width-initial elementor-widget elementor-widget-text-editor\" data-id=\"17ef323\" data-element_type=\"widget\" data-widget_type=\"text-editor.default\">\n\t\t\t\t<div class=\"elementor-widget-container\">\n\t\t\t\t\t\t\t\t\t<ul><li>vznikaj\u00fa nov\u00e9 hudobn\u00e9 nahr\u00e1vky<\/li><li>realizujeme koncerty na\u0161ej kapely po Slovensku<\/li><li>poz\u00fdvame zauj\u00edmav\u00fdch host\u00ed klezmerovej sc\u00e9ny na Slovensko<\/li><li>m\u00f4\u017eeme aran\u017eova\u0165 nov\u00e9 skladby.<\/li><\/ul>\t\t\t\t\t\t\t\t<\/div>\n\t\t\t\t<\/div>\n\t\t\t\t<div class=\"elementor-element elementor-element-d8f8227 elementor-widget__width-initial elementor-widget elementor-widget-text-editor\" data-id=\"d8f8227\" data-element_type=\"widget\" data-widget_type=\"text-editor.default\">\n\t\t\t\t<div class=\"elementor-widget-container\">\n\t\t\t\t\t\t\t\t\t<p>Na\u0161e aktivity s\u00fa zastre\u0161en\u00e9 ob\u010dianskym zdru\u017een\u00edm TRADITION. Ak sa V\u00e1m na\u0161a hudba p\u00e1\u010di, m\u00f4\u017eete na\u0161e zdru\u017eenie podpori\u0165 Va\u0161imi 2 percentami z dane z pr\u00edjmu.<\/p>\t\t\t\t\t\t\t\t<\/div>\n\t\t\t\t<\/div>\n\t\t\t\t<div class=\"elementor-element elementor-element-3a119e97 elementor-widget__width-initial elementor-widget elementor-widget-text-editor\" data-id=\"3a119e97\" data-element_type=\"widget\" data-widget_type=\"text-editor.default\">\n\t\t\t\t<div class=\"elementor-widget-container\">\n\t\t\t\t\t\t\t\t\t<p>Podrobn\u00fd n\u00e1vod ako postupova\u0165 n\u00e1jdete na str\u00e1nke <span style=\"text-decoration: underline; color: #ffffff;\"><a style=\"color: #ffffff;\" href=\"https:\/\/www.dvepercenta.sk\/details.php?organizationID=33465\" target=\"_blank\" rel=\"noopener\">www.dvepercenta.sk<\/a><\/span><\/p>\t\t\t\t\t\t\t\t<\/div>\n\t\t\t\t<\/div>\n\t\t\t\t<\/div>\n\t\t<div class=\"elementor-element elementor-element-684d265 e-con-full e-flex e-con e-child\" data-id=\"684d265\" data-element_type=\"container\">\n\t\t\t\t<div class=\"elementor-element elementor-element-3967084 elementor-widget__width-initial elementor-widget elementor-widget-text-editor\" data-id=\"3967084\" data-element_type=\"widget\" data-widget_type=\"text-editor.default\">\n\t\t\t\t<div class=\"elementor-widget-container\">\n\t\t\t\t\t\t\t\t\t<p>Identifika\u010dn\u00e9 \u00fadaje<br \/>Obchodn\u00e9 meno: <strong>TRADITION<\/strong><br \/>S\u00eddlo: <strong>\u017dlt\u00e1 3897\/2F, 85107 Bratislava-mestsk\u00e1 \u010das\u0165 Petr\u017ealka<\/strong><br \/>Pr\u00e1vna forma: <strong>Ob\u010dianske zdru\u017eenie<\/strong><br \/>I\u010cO: <strong>42179858<\/strong><br \/>\u010c\u00edslo \u00fa\u010dtu: <strong>SK5583300000002601378665<\/strong> (Fio banka, a.s.)<\/p>\t\t\t\t\t\t\t\t<\/div>\n\t\t\t\t<\/div>\n\t\t\t\t<div class=\"elementor-element elementor-element-84f785b elementor-widget elementor-widget-spacer\" data-id=\"84f785b\" data-element_type=\"widget\" data-widget_type=\"spacer.default\">\n\t\t\t\t<div class=\"elementor-widget-container\">\n\t\t\t\t\t\t\t<div class=\"elementor-spacer\">\n\t\t\t<div class=\"elementor-spacer-inner\"><\/div>\n\t\t<\/div>\n\t\t\t\t\t\t<\/div>\n\t\t\t\t<\/div>\n\t\t\t\t<div class=\"elementor-element elementor-element-ebe1777 elementor-widget elementor-widget-image\" data-id=\"ebe1777\" data-element_type=\"widget\" data-widget_type=\"image.default\">\n\t\t\t\t<div class=\"elementor-widget-container\">\n\t\t\t\t\t\t\t\t\t\t\t\t\t\t\t<img fetchpriority=\"high\" decoding=\"async\" width=\"260\" height=\"260\" src=\"https:\/\/klezmer.luboskoptak.sk\/wp-content\/uploads\/2026\/01\/2-percenta_PKB_2026.jpeg\" class=\"attachment-large size-large wp-image-2076\" alt=\"\" srcset=\"https:\/\/klezmer.luboskoptak.sk\/wp-content\/uploads\/2026\/01\/2-percenta_PKB_2026.jpeg 260w, https:\/\/klezmer.luboskoptak.sk\/wp-content\/uploads\/2026\/01\/2-percenta_PKB_2026-150x150.jpeg 150w, https:\/\/klezmer.luboskoptak.sk\/wp-content\/uploads\/2026\/01\/2-percenta_PKB_2026-12x12.jpeg 12w\" sizes=\"(max-width: 260px) 100vw, 260px\" \/>\t\t\t\t\t\t\t\t\t\t\t\t\t\t\t<\/div>\n\t\t\t\t<\/div>\n\t\t\t\t<\/div>\n\t\t\t\t<\/div>\n\t\t\t\t<div class=\"elementor-element elementor-element-72a37e83 elementor-widget elementor-widget-spacer\" data-id=\"72a37e83\" data-element_type=\"widget\" data-widget_type=\"spacer.default\">\n\t\t\t\t<div class=\"elementor-widget-container\">\n\t\t\t\t\t\t\t<div class=\"elementor-spacer\">\n\t\t\t<div class=\"elementor-spacer-inner\"><\/div>\n\t\t<\/div>\n\t\t\t\t\t\t<\/div>\n\t\t\t\t<\/div>\n\t\t\t\t<\/div>\n\t\t\t\t\t<\/div>\n\t\t\t\t<\/div>\n\t\t<div class=\"elementor-element elementor-element-1a1c3fae e-flex e-con-boxed e-con e-parent\" data-id=\"1a1c3fae\" data-element_type=\"container\" data-settings=\"{&quot;background_background&quot;:&quot;classic&quot;}\">\n\t\t\t\t\t<div class=\"e-con-inner\">\n\t\t<div class=\"elementor-element elementor-element-5b9e2a4c e-con-full e-flex e-con e-child\" data-id=\"5b9e2a4c\" data-element_type=\"container\">\n\t\t<div class=\"elementor-element elementor-element-3451767c e-con-full e-flex e-con e-child\" data-id=\"3451767c\" data-element_type=\"container\">\n\t\t<div class=\"elementor-element elementor-element-68aac747 e-con-full e-flex e-con e-child\" data-id=\"68aac747\" data-element_type=\"container\">\n\t\t\t\t<div class=\"elementor-element elementor-element-93a0dbe elementor-widget elementor-widget-spacer\" data-id=\"93a0dbe\" data-element_type=\"widget\" data-widget_type=\"spacer.default\">\n\t\t\t\t<div class=\"elementor-widget-container\">\n\t\t\t\t\t\t\t<div class=\"elementor-spacer\">\n\t\t\t<div class=\"elementor-spacer-inner\"><\/div>\n\t\t<\/div>\n\t\t\t\t\t\t<\/div>\n\t\t\t\t<\/div>\n\t\t\t\t<div class=\"elementor-element elementor-element-58dda968 elementor-widget__width-initial elementor-hidden-laptop elementor-hidden-tablet elementor-hidden-mobile elementor-widget elementor-widget-text-editor\" data-id=\"58dda968\" data-element_type=\"widget\" data-widget_type=\"text-editor.default\">\n\t\t\t\t<div class=\"elementor-widget-container\">\n\t\t\t\t\t\t\t\t\t<p>Pre usporiadate\u013eov: na stiahnutie<\/p>\t\t\t\t\t\t\t\t<\/div>\n\t\t\t\t<\/div>\n\t\t\t\t<div class=\"elementor-element elementor-element-b362f62 elementor-widget__width-initial elementor-hidden-desktop elementor-widget elementor-widget-text-editor\" data-id=\"b362f62\" data-element_type=\"widget\" data-widget_type=\"text-editor.default\">\n\t\t\t\t<div class=\"elementor-widget-container\">\n\t\t\t\t\t\t\t\t\t<p>Pre usporiadate\u013eov:<br \/>na stiahnutie<\/p>\t\t\t\t\t\t\t\t<\/div>\n\t\t\t\t<\/div>\n\t\t<div class=\"elementor-element elementor-element-784aa3e0 e-con-full e-flex e-con e-child\" data-id=\"784aa3e0\" data-element_type=\"container\">\n\t\t\t\t<div class=\"elementor-element elementor-element-6c5d99a6 elementor-widget__width-auto elementor-widget elementor-widget-button\" data-id=\"6c5d99a6\" data-element_type=\"widget\" data-widget_type=\"button.default\">\n\t\t\t\t<div class=\"elementor-widget-container\">\n\t\t\t\t\t\t\t\t\t<div class=\"elementor-button-wrapper\">\n\t\t\t\t\t<a class=\"elementor-button elementor-button-link elementor-size-sm\" href=\"#\">\n\t\t\t\t\t\t<span class=\"elementor-button-content-wrapper\">\n\t\t\t\t\t\t\t\t\t<span class=\"elementor-button-text\">Stiahnu\u0165 PRESS KIT<\/span>\n\t\t\t\t\t<\/span>\n\t\t\t\t\t<\/a>\n\t\t\t\t<\/div>\n\t\t\t\t\t\t\t\t<\/div>\n\t\t\t\t<\/div>\n\t\t\t\t<div class=\"elementor-element elementor-element-25be51ed elementor-widget__width-auto elementor-widget elementor-widget-button\" data-id=\"25be51ed\" data-element_type=\"widget\" data-widget_type=\"button.default\">\n\t\t\t\t<div class=\"elementor-widget-container\">\n\t\t\t\t\t\t\t\t\t<div class=\"elementor-button-wrapper\">\n\t\t\t\t\t<a class=\"elementor-button elementor-button-link elementor-size-sm\" href=\"https:\/\/klezmer.luboskoptak.sk\/wp-content\/uploads\/2025\/09\/stage-plan-and-tech-rider_PKB.pdf\" target=\"_blank\" rel=\"nofollow\">\n\t\t\t\t\t\t<span class=\"elementor-button-content-wrapper\">\n\t\t\t\t\t\t\t\t\t<span class=\"elementor-button-text\">Stiahnu\u0165 STAGE PLAN a RIDER<\/span>\n\t\t\t\t\t<\/span>\n\t\t\t\t\t<\/a>\n\t\t\t\t<\/div>\n\t\t\t\t\t\t\t\t<\/div>\n\t\t\t\t<\/div>\n\t\t\t\t<div class=\"elementor-element elementor-element-611fd3d9 elementor-widget__width-auto elementor-widget elementor-widget-button\" data-id=\"611fd3d9\" data-element_type=\"widget\" data-widget_type=\"button.default\">\n\t\t\t\t<div class=\"elementor-widget-container\">\n\t\t\t\t\t\t\t\t\t<div class=\"elementor-button-wrapper\">\n\t\t\t\t\t<a class=\"elementor-button elementor-button-link elementor-size-sm\" href=\"https:\/\/klezmer.luboskoptak.sk\/wp-content\/uploads\/2025\/09\/playlisty_PKB-a-PKBB.pdf\" target=\"_blank\" rel=\"nofollow\">\n\t\t\t\t\t\t<span class=\"elementor-button-content-wrapper\">\n\t\t\t\t\t\t\t\t\t<span class=\"elementor-button-text\">Stiahnu\u0165 PLAYLISTY<\/span>\n\t\t\t\t\t<\/span>\n\t\t\t\t\t<\/a>\n\t\t\t\t<\/div>\n\t\t\t\t\t\t\t\t<\/div>\n\t\t\t\t<\/div>\n\t\t\t\t<\/div>\n\t\t\t\t<\/div>\n\t\t<div class=\"elementor-element elementor-element-5f16482f e-con-full e-flex e-con e-child\" data-id=\"5f16482f\" data-element_type=\"container\">\n\t\t\t\t<div class=\"elementor-element elementor-element-7d7fa54 elementor-widget elementor-widget-image\" data-id=\"7d7fa54\" data-element_type=\"widget\" data-widget_type=\"image.default\">\n\t\t\t\t<div class=\"elementor-widget-container\">\n\t\t\t\t\t\t\t\t\t\t\t\t\t\t\t<img decoding=\"async\" width=\"585\" height=\"577\" src=\"https:\/\/klezmer.luboskoptak.sk\/wp-content\/uploads\/2025\/12\/pecat.png\" class=\"attachment-large size-large wp-image-1562\" alt=\"\" srcset=\"https:\/\/klezmer.luboskoptak.sk\/wp-content\/uploads\/2025\/12\/pecat.png 585w, https:\/\/klezmer.luboskoptak.sk\/wp-content\/uploads\/2025\/12\/pecat-300x296.png 300w, https:\/\/klezmer.luboskoptak.sk\/wp-content\/uploads\/2025\/12\/pecat-12x12.png 12w\" sizes=\"(max-width: 585px) 100vw, 585px\" \/>\t\t\t\t\t\t\t\t\t\t\t\t\t\t\t<\/div>\n\t\t\t\t<\/div>\n\t\t\t\t<\/div>\n\t\t\t\t<\/div>\n\t\t\t\t<div class=\"elementor-element elementor-element-571c9e28 elementor-widget elementor-widget-spacer\" data-id=\"571c9e28\" data-element_type=\"widget\" data-widget_type=\"spacer.default\">\n\t\t\t\t<div class=\"elementor-widget-container\">\n\t\t\t\t\t\t\t<div class=\"elementor-spacer\">\n\t\t\t<div class=\"elementor-spacer-inner\"><\/div>\n\t\t<\/div>\n\t\t\t\t\t\t<\/div>\n\t\t\t\t<\/div>\n\t\t\t\t<\/div>\n\t\t\t\t\t<\/div>\n\t\t\t\t<\/div>\n\t\t\t\t<\/div>","protected":false},"excerpt":{"rendered":"<p>Kontakt manager@klezmer.sk +421 910 939 775 Podporte n\u00e1s V\u010faka va\u0161im pr\u00edspevkom vznikaj\u00fa nov\u00e9 hudobn\u00e9 nahr\u00e1vky realizujeme koncerty na\u0161ej kapely po Slovensku poz\u00fdvame zauj\u00edmav\u00fdch host\u00ed klezmerovej sc\u00e9ny na Slovensko m\u00f4\u017eeme aran\u017eova\u0165 nov\u00e9 skladby. Na\u0161e aktivity s\u00fa zastre\u0161en\u00e9 ob\u010dianskym zdru\u017een\u00edm TRADITION. Ak sa V\u00e1m na\u0161a hudba p\u00e1\u010di, m\u00f4\u017eete na\u0161e zdru\u017eenie podpori\u0165 Va\u0161imi 2 percentami z dane z [&hellip;]<\/p>","protected":false},"author":1,"featured_media":0,"parent":0,"menu_order":0,"comment_status":"closed","ping_status":"closed","template":"elementor_header_footer","meta":{"footnotes":""},"class_list":["post-6","page","type-page","status-publish","hentry"],"blocksy_meta":{"has_hero_section":"disabled","styles_descriptor":{"styles":{"desktop":"","tablet":"","mobile":""},"google_fonts":[],"version":6}},"_links":{"self":[{"href":"https:\/\/klezmer.luboskoptak.sk\/en\/wp-json\/wp\/v2\/pages\/6","targetHints":{"allow":["GET"]}}],"collection":[{"href":"https:\/\/klezmer.luboskoptak.sk\/en\/wp-json\/wp\/v2\/pages"}],"about":[{"href":"https:\/\/klezmer.luboskoptak.sk\/en\/wp-json\/wp\/v2\/types\/page"}],"author":[{"embeddable":true,"href":"https:\/\/klezmer.luboskoptak.sk\/en\/wp-json\/wp\/v2\/users\/1"}],"replies":[{"embeddable":true,"href":"https:\/\/klezmer.luboskoptak.sk\/en\/wp-json\/wp\/v2\/comments?post=6"}],"version-history":[{"count":221,"href":"https:\/\/klezmer.luboskoptak.sk\/en\/wp-json\/wp\/v2\/pages\/6\/revisions"}],"predecessor-version":[{"id":2079,"href":"https:\/\/klezmer.luboskoptak.sk\/en\/wp-json\/wp\/v2\/pages\/6\/revisions\/2079"}],"wp:attachment":[{"href":"https:\/\/klezmer.luboskoptak.sk\/en\/wp-json\/wp\/v2\/media?parent=6"}],"curies":[{"name":"wp","href":"https:\/\/api.w.org\/{rel}","templated":true}]}}