{"id":694,"date":"2025-09-03T15:43:10","date_gmt":"2025-09-03T15:43:10","guid":{"rendered":"https:\/\/klezmer.luboskoptak.sk\/?page_id=694"},"modified":"2025-12-13T14:51:55","modified_gmt":"2025-12-13T14:51:55","slug":"pressburger-kezmer-big-band","status":"publish","type":"page","link":"https:\/\/klezmer.luboskoptak.sk\/en\/pressburger-kezmer-big-band\/","title":{"rendered":"Pressburger Kezmer Big Band"},"content":{"rendered":"<div data-elementor-type=\"wp-page\" data-elementor-id=\"694\" class=\"elementor elementor-694\" data-elementor-post-type=\"page\">\n\t\t\t\t<div class=\"elementor-element elementor-element-1a94ce31 e-flex e-con-boxed e-con e-parent\" data-id=\"1a94ce31\" data-element_type=\"container\" data-settings=\"{&quot;background_background&quot;:&quot;classic&quot;}\">\n\t\t\t\t\t<div class=\"e-con-inner\">\n\t\t<div class=\"elementor-element elementor-element-394045c8 e-con-full e-flex e-con e-child\" data-id=\"394045c8\" data-element_type=\"container\">\n\t\t\t\t<div class=\"elementor-element elementor-element-5d8f45a1 elementor-widget elementor-widget-spacer\" data-id=\"5d8f45a1\" data-element_type=\"widget\" data-widget_type=\"spacer.default\">\n\t\t\t\t<div class=\"elementor-widget-container\">\n\t\t\t\t\t\t\t<div class=\"elementor-spacer\">\n\t\t\t<div class=\"elementor-spacer-inner\"><\/div>\n\t\t<\/div>\n\t\t\t\t\t\t<\/div>\n\t\t\t\t<\/div>\n\t\t<div class=\"elementor-element elementor-element-47f9f3dd e-con-full e-flex e-con e-child\" data-id=\"47f9f3dd\" data-element_type=\"container\">\n\t\t\t\t<div class=\"elementor-element elementor-element-7d407ba5 elementor-view-default elementor-widget elementor-widget-icon\" data-id=\"7d407ba5\" data-element_type=\"widget\" data-widget_type=\"icon.default\">\n\t\t\t\t<div class=\"elementor-widget-container\">\n\t\t\t\t\t\t\t<div class=\"elementor-icon-wrapper\">\n\t\t\t<div class=\"elementor-icon\">\n\t\t\t<svg xmlns=\"http:\/\/www.w3.org\/2000\/svg\" id=\"Layer_1\" viewbox=\"0 0 1366 710\"><path d=\"M1296.95,335.55L867.5,64.85c-15.99-10.09-36.67-10.09-52.66,0l-131.39,82.82-131.39-82.82c-16-10.09-36.67-10.09-52.66,0L69.95,335.55c-6.92,4.37-11.04,11.85-11.04,20.02s4.13,15.65,11.05,20.02l429.45,270.71c8,5.04,17.16,7.57,26.33,7.57s18.33-2.52,26.33-7.57l131.39-82.82,131.39,82.82c8,5.04,17.16,7.57,26.33,7.57s18.33-2.52,26.33-7.57l429.45-270.71c6.92-4.36,11.05-11.85,11.05-20.02s-4.13-15.66-11.05-20.03ZM544.89,634.93c-11.64,7.34-26.68,7.34-38.32,0L77.13,364.23c-2.99-1.89-4.78-5.13-4.78-8.66s1.79-6.77,4.77-8.65L506.58,76.22c5.82-3.67,12.49-5.51,19.16-5.51s13.34,1.84,19.16,5.51l125.96,79.4-285.46,179.94c-6.92,4.37-11.04,11.85-11.04,20.02s4.13,15.65,11.05,20.02l285.45,179.94-125.96,79.4ZM683.45,547.59l-290.88-183.36c-2.99-1.89-4.78-5.13-4.78-8.66s1.79-6.77,4.78-8.65l290.89-183.36,290.88,183.36c2.99,1.89,4.78,5.13,4.78,8.66s-1.79,6.77-4.77,8.65l-290.89,183.36ZM1289.78,364.23l-429.45,270.71c-11.64,7.34-26.68,7.34-38.32,0l-125.95-79.4,285.46-179.94c6.91-4.37,11.04-11.85,11.04-20.02s-4.13-15.65-11.05-20.03l-285.45-179.94,125.95-79.4c5.82-3.67,12.49-5.51,19.16-5.51s13.34,1.83,19.16,5.51l429.45,270.71c2.99,1.89,4.78,5.12,4.78,8.65s-1.79,6.77-4.77,8.65Z\" fill=\"#c1121f\"><\/path><path d=\"M859.55,341.24l-156.12-98.41c-13.89-8.76-31.59-8.76-45.48,0l-156.12,98.41c-4.92,3.11-7.91,8.52-7.91,14.34s2.99,11.23,7.91,14.34l156.12,98.41c13.89,8.76,31.59,8.76,45.48,0l156.12-98.41c4.92-3.11,7.91-8.52,7.91-14.34s-2.99-11.23-7.91-14.34Z\" fill=\"#c1121f\"><\/path><\/svg>\t\t\t<\/div>\n\t\t<\/div>\n\t\t\t\t\t\t<\/div>\n\t\t\t\t<\/div>\n\t\t\t\t<div class=\"elementor-element elementor-element-7873bc55 elementor-widget__width-auto elementor-widget-tablet__width-auto elementor-widget elementor-widget-heading\" data-id=\"7873bc55\" data-element_type=\"widget\" data-widget_type=\"heading.default\">\n\t\t\t\t<div class=\"elementor-widget-container\">\n\t\t\t\t\t<h2 class=\"elementor-heading-title elementor-size-default\">Pressburger Kezmer Big Band<\/h2>\t\t\t\t<\/div>\n\t\t\t\t<\/div>\n\t\t\t\t<\/div>\n\t\t<div class=\"elementor-element elementor-element-6cd463ca e-con-full e-flex e-con e-child\" data-id=\"6cd463ca\" data-element_type=\"container\">\n\t\t<div class=\"elementor-element elementor-element-3be82712 e-con-full e-flex e-con e-child\" data-id=\"3be82712\" data-element_type=\"container\">\n\t\t\t\t<div class=\"elementor-element elementor-element-4d59f995 elementor-widget__width-initial elementor-widget-tablet__width-initial elementor-widget-laptop__width-initial elementor-widget elementor-widget-image\" data-id=\"4d59f995\" data-element_type=\"widget\" data-widget_type=\"image.default\">\n\t\t\t\t<div class=\"elementor-widget-container\">\n\t\t\t\t\t\t\t\t\t\t\t\t\t\t\t<img fetchpriority=\"high\" decoding=\"async\" width=\"1024\" height=\"1022\" src=\"https:\/\/klezmer.luboskoptak.sk\/wp-content\/uploads\/2025\/09\/new-album-1024x1022.jpeg\" class=\"attachment-large size-large wp-image-687\" alt=\"\" srcset=\"https:\/\/klezmer.luboskoptak.sk\/wp-content\/uploads\/2025\/09\/new-album-1024x1022.jpeg 1024w, https:\/\/klezmer.luboskoptak.sk\/wp-content\/uploads\/2025\/09\/new-album-300x300.jpeg 300w, https:\/\/klezmer.luboskoptak.sk\/wp-content\/uploads\/2025\/09\/new-album-150x150.jpeg 150w, https:\/\/klezmer.luboskoptak.sk\/wp-content\/uploads\/2025\/09\/new-album-768x767.jpeg 768w, https:\/\/klezmer.luboskoptak.sk\/wp-content\/uploads\/2025\/09\/new-album-12x12.jpeg 12w, https:\/\/klezmer.luboskoptak.sk\/wp-content\/uploads\/2025\/09\/new-album.jpeg 1320w\" sizes=\"(max-width: 1024px) 100vw, 1024px\" \/>\t\t\t\t\t\t\t\t\t\t\t\t\t\t\t<\/div>\n\t\t\t\t<\/div>\n\t\t<div class=\"elementor-element elementor-element-6e6c3d41 e-con-full e-flex e-con e-child\" data-id=\"6e6c3d41\" data-element_type=\"container\">\n\t\t\t\t<div class=\"elementor-element elementor-element-5d2ce2c0 elementor-widget__width-initial elementor-widget elementor-widget-text-editor\" data-id=\"5d2ce2c0\" data-element_type=\"widget\" data-widget_type=\"text-editor.default\">\n\t\t\t\t<div class=\"elementor-widget-container\">\n\t\t\t\t\t\t\t\t\t<p>SLOVAK KLEZMER ASSOCIATION &amp; REAL MUSIC HOUSE, 2025<\/p>\t\t\t\t\t\t\t\t<\/div>\n\t\t\t\t<\/div>\n\t\t\t\t<div class=\"elementor-element elementor-element-37536b7f elementor-widget__width-initial elementor-widget elementor-widget-text-editor\" data-id=\"37536b7f\" data-element_type=\"widget\" data-widget_type=\"text-editor.default\">\n\t\t\t\t<div class=\"elementor-widget-container\">\n\t\t\t\t\t\t\t\t\t<p><span style=\"font-weight: 400;\">Pri nahr\u00e1van\u00ed predo\u0161l\u00e9ho albumu si Pre\u00dfburger Klezmer Band pozval okrem in\u00fdch troch host\u00ed hraj\u00facich na tr\u00fabku, tromb\u00f3n a saxof\u00f3n. Tak\u00e9to ve\u013ek\u00e9 obsadenie sa \u010dlenom kapely tak zap\u00e1\u010dilo, \u017ee sa rozhodli pripravi\u0165 cel\u00fd koncertn\u00fd program pre 10-\u010dlenn\u00fd &#8222;bigband&#8220; a nem\u00fdlili sa &#8211; program m\u00e1 obrovsk\u00fa energiu pre t\u00fdch, ktor\u00ed hraj\u00fa aj pre publikum. Potom, ako s n\u00edm s \u00faspechom obi\u0161li Slovensko, sa rozhodli nahra\u0165 tieto skladby na album k 30. v\u00fdro\u010diu vzniku kapely. Nahr\u00e1vka vznikla na\u017eivo na koncerte presne v de\u0148 30. v\u00fdro\u010dia prv\u00e9ho vyst\u00fapenia. Prin\u00e1\u0161a viacero tane\u010dn\u00fdch skladieb a piesn\u00ed, niektor\u00e9 v \u0161t\u00fdle americk\u00e9ho zlat\u00e9ho veku klezmeru. N\u00e1jdu sa tu aj piesne z Balk\u00e1nu, ska, alebo v\u00fdnimo\u010dne aj h\u013abavej\u0161ia atmosf\u00e9ra. D\u013a\u017eka vy\u0161e 70 min\u00fat v\u00e1m prin\u00e1\u0161a naozaj &#8222;hodnotu za peniaze.&#8220;<\/span><\/p>\t\t\t\t\t\t\t\t<\/div>\n\t\t\t\t<\/div>\n\t\t\t\t<div class=\"elementor-element elementor-element-fe4f501 elementor-widget elementor-widget-spacer\" data-id=\"fe4f501\" data-element_type=\"widget\" data-widget_type=\"spacer.default\">\n\t\t\t\t<div class=\"elementor-widget-container\">\n\t\t\t\t\t\t\t<div class=\"elementor-spacer\">\n\t\t\t<div class=\"elementor-spacer-inner\"><\/div>\n\t\t<\/div>\n\t\t\t\t\t\t<\/div>\n\t\t\t\t<\/div>\n\t\t\t\t<div class=\"elementor-element elementor-element-b9eb51c elementor-mobile-align-center elementor-widget elementor-widget-button\" data-id=\"b9eb51c\" data-element_type=\"widget\" data-widget_type=\"button.default\">\n\t\t\t\t<div class=\"elementor-widget-container\">\n\t\t\t\t\t\t\t\t\t<div class=\"elementor-button-wrapper\">\n\t\t\t\t\t<a class=\"elementor-button elementor-size-sm\" role=\"button\">\n\t\t\t\t\t\t<span class=\"elementor-button-content-wrapper\">\n\t\t\t\t\t\t<span class=\"elementor-button-icon\">\n\t\t\t\t<svg aria-hidden=\"true\" class=\"e-font-icon-svg e-fab-youtube-square\" viewbox=\"0 0 448 512\" xmlns=\"http:\/\/www.w3.org\/2000\/svg\"><path d=\"M186.8 202.1l95.2 54.1-95.2 54.1V202.1zM448 80v352c0 26.5-21.5 48-48 48H48c-26.5 0-48-21.5-48-48V80c0-26.5 21.5-48 48-48h352c26.5 0 48 21.5 48 48zm-42 176.3s0-59.6-7.6-88.2c-4.2-15.8-16.5-28.2-32.2-32.4C337.9 128 224 128 224 128s-113.9 0-142.2 7.7c-15.7 4.2-28 16.6-32.2 32.4-7.6 28.5-7.6 88.2-7.6 88.2s0 59.6 7.6 88.2c4.2 15.8 16.5 27.7 32.2 31.9C110.1 384 224 384 224 384s113.9 0 142.2-7.7c15.7-4.2 28-16.1 32.2-31.9 7.6-28.5 7.6-88.1 7.6-88.1z\"><\/path><\/svg>\t\t\t<\/span>\n\t\t\t\t\t\t\t\t\t<span class=\"elementor-button-text\">pozrie\u0165 videouk\u00e1\u017eku<\/span>\n\t\t\t\t\t<\/span>\n\t\t\t\t\t<\/a>\n\t\t\t\t<\/div>\n\t\t\t\t\t\t\t\t<\/div>\n\t\t\t\t<\/div>\n\t\t\t\t<div class=\"elementor-element elementor-element-5af9f676 elementor-widget elementor-widget-spacer\" data-id=\"5af9f676\" data-element_type=\"widget\" data-widget_type=\"spacer.default\">\n\t\t\t\t<div class=\"elementor-widget-container\">\n\t\t\t\t\t\t\t<div class=\"elementor-spacer\">\n\t\t\t<div class=\"elementor-spacer-inner\"><\/div>\n\t\t<\/div>\n\t\t\t\t\t\t<\/div>\n\t\t\t\t<\/div>\n\t\t<div class=\"elementor-element elementor-element-47518185 e-con-full e-flex e-con e-child\" data-id=\"47518185\" data-element_type=\"container\">\n\t\t\t\t<div class=\"elementor-element elementor-element-404ef6d elementor-widget elementor-widget-button\" data-id=\"404ef6d\" data-element_type=\"widget\" data-widget_type=\"button.default\">\n\t\t\t\t<div class=\"elementor-widget-container\">\n\t\t\t\t\t\t\t\t\t<div class=\"elementor-button-wrapper\">\n\t\t\t\t\t<a class=\"elementor-button elementor-button-link elementor-size-sm\" href=\"https:\/\/open.spotify.com\/album\/1IyePOq8YLNAXhR1lrINoQ\" target=\"_blank\" rel=\"nofollow\">\n\t\t\t\t\t\t<span class=\"elementor-button-content-wrapper\">\n\t\t\t\t\t\t\t\t\t<span class=\"elementor-button-text\">Vypo\u010du\u0165 album<\/span>\n\t\t\t\t\t<\/span>\n\t\t\t\t\t<\/a>\n\t\t\t\t<\/div>\n\t\t\t\t\t\t\t\t<\/div>\n\t\t\t\t<\/div>\n\t\t\t\t<div class=\"elementor-element elementor-element-30054b37 elementor-widget elementor-widget-button\" data-id=\"30054b37\" data-element_type=\"widget\" data-widget_type=\"button.default\">\n\t\t\t\t<div class=\"elementor-widget-container\">\n\t\t\t\t\t\t\t\t\t<div class=\"elementor-button-wrapper\">\n\t\t\t\t\t<a class=\"elementor-button elementor-button-link elementor-size-sm\" href=\"https:\/\/www.spinaker.sk\/pressburger-klezmer-band-pressburger-klezmer-big-band-32674\" target=\"_blank\" rel=\"nofollow\">\n\t\t\t\t\t\t<span class=\"elementor-button-content-wrapper\">\n\t\t\t\t\t\t\t\t\t<span class=\"elementor-button-text\">K\u00fapi\u0165 album<\/span>\n\t\t\t\t\t<\/span>\n\t\t\t\t\t<\/a>\n\t\t\t\t<\/div>\n\t\t\t\t\t\t\t\t<\/div>\n\t\t\t\t<\/div>\n\t\t\t\t<\/div>\n\t\t\t\t<\/div>\n\t\t\t\t<\/div>\n\t\t\t\t<\/div>\n\t\t<div class=\"elementor-element elementor-element-52192840 e-con-full e-flex e-con e-child\" data-id=\"52192840\" data-element_type=\"container\">\n\t\t<div class=\"elementor-element elementor-element-17eb1fd8 e-con-full e-flex e-con e-child\" data-id=\"17eb1fd8\" data-element_type=\"container\">\n\t\t\t\t<div class=\"elementor-element elementor-element-5d632736 elementor-widget elementor-widget-heading\" data-id=\"5d632736\" data-element_type=\"widget\" data-widget_type=\"heading.default\">\n\t\t\t\t<div class=\"elementor-widget-container\">\n\t\t\t\t\t<h2 class=\"elementor-heading-title elementor-size-default\">Pressburger Kezmer Big Band<\/h2>\t\t\t\t<\/div>\n\t\t\t\t<\/div>\n\t\t\t\t<div class=\"elementor-element elementor-element-65991e6f elementor-widget elementor-widget-heading\" data-id=\"65991e6f\" data-element_type=\"widget\" data-widget_type=\"heading.default\">\n\t\t\t\t<div class=\"elementor-widget-container\">\n\t\t\t\t\t<h2 class=\"elementor-heading-title elementor-size-default\"><a href=\"https:\/\/klezmer.luboskoptak.sk\/en\/roots-korene\/\">Korene Roots  \u2192<\/a><\/h2>\t\t\t\t<\/div>\n\t\t\t\t<\/div>\n\t\t\t\t<\/div>\n\t\t\t\t<\/div>\n\t\t\t\t<div class=\"elementor-element elementor-element-2e111243 elementor-widget elementor-widget-spacer\" data-id=\"2e111243\" data-element_type=\"widget\" data-widget_type=\"spacer.default\">\n\t\t\t\t<div class=\"elementor-widget-container\">\n\t\t\t\t\t\t\t<div class=\"elementor-spacer\">\n\t\t\t<div class=\"elementor-spacer-inner\"><\/div>\n\t\t<\/div>\n\t\t\t\t\t\t<\/div>\n\t\t\t\t<\/div>\n\t\t\t\t<\/div>\n\t\t\t\t\t<\/div>\n\t\t\t\t<\/div>\n\t\t\t\t<\/div>","protected":false},"excerpt":{"rendered":"<p>Pressburger Kezmer Big Band SLOVAK KLEZMER ASSOCIATION &amp; REAL MUSIC HOUSE, 2025 Pri nahr\u00e1van\u00ed predo\u0161l\u00e9ho albumu si Pre\u00dfburger Klezmer Band pozval okrem in\u00fdch troch host\u00ed hraj\u00facich na tr\u00fabku, tromb\u00f3n a saxof\u00f3n. Tak\u00e9to ve\u013ek\u00e9 obsadenie sa \u010dlenom kapely tak zap\u00e1\u010dilo, \u017ee sa rozhodli pripravi\u0165 cel\u00fd koncertn\u00fd program pre 10-\u010dlenn\u00fd &#8222;bigband&#8220; a nem\u00fdlili sa &#8211; program m\u00e1 [&hellip;]<\/p>","protected":false},"author":1,"featured_media":0,"parent":0,"menu_order":0,"comment_status":"closed","ping_status":"closed","template":"","meta":{"footnotes":""},"class_list":["post-694","page","type-page","status-publish","hentry"],"blocksy_meta":[],"_links":{"self":[{"href":"https:\/\/klezmer.luboskoptak.sk\/en\/wp-json\/wp\/v2\/pages\/694","targetHints":{"allow":["GET"]}}],"collection":[{"href":"https:\/\/klezmer.luboskoptak.sk\/en\/wp-json\/wp\/v2\/pages"}],"about":[{"href":"https:\/\/klezmer.luboskoptak.sk\/en\/wp-json\/wp\/v2\/types\/page"}],"author":[{"embeddable":true,"href":"https:\/\/klezmer.luboskoptak.sk\/en\/wp-json\/wp\/v2\/users\/1"}],"replies":[{"embeddable":true,"href":"https:\/\/klezmer.luboskoptak.sk\/en\/wp-json\/wp\/v2\/comments?post=694"}],"version-history":[{"count":13,"href":"https:\/\/klezmer.luboskoptak.sk\/en\/wp-json\/wp\/v2\/pages\/694\/revisions"}],"predecessor-version":[{"id":1837,"href":"https:\/\/klezmer.luboskoptak.sk\/en\/wp-json\/wp\/v2\/pages\/694\/revisions\/1837"}],"wp:attachment":[{"href":"https:\/\/klezmer.luboskoptak.sk\/en\/wp-json\/wp\/v2\/media?parent=694"}],"curies":[{"name":"wp","href":"https:\/\/api.w.org\/{rel}","templated":true}]}}